{"id":9311,"date":"2024-02-15T17:43:06","date_gmt":"2024-02-15T16:43:06","guid":{"rendered":"https:\/\/ecodreamr.ch\/product\/kit-hotel-de-luxe\/"},"modified":"2024-03-25T14:02:50","modified_gmt":"2024-03-25T13:02:50","slug":"kit-hotel-de-luxe","status":"publish","type":"product","link":"https:\/\/ecodreamr.ch\/fr\/produit\/kit-hotel-de-luxe\/","title":{"rendered":"Kit H\u00f4tel de Luxe"},"content":{"rendered":"<p><b>Le kit comprend<\/b><\/p>\n<p><span style=\"font-weight: 400;\">1 x Brosse \u00e0 dents en bambou &#8211; Debout<\/span><\/p>\n<p><span style=\"font-weight: 400;\">1 x Rasoir en bambou \u00ab\u00a0Click\u00a0\u00bb<\/span><\/p>\n<p><span style=\"font-weight: 400;\">1 x Rasoir de s\u00e9curit\u00e9 en bambou &#8211; Premium<\/span><\/p>\n<p><span style=\"font-weight: 400;\">1 x Brosse \u00e0 cheveux en bambou &#8211; ovale ou rectangle<\/span><\/p>\n<p><span style=\"font-weight: 400;\">3 x Peignes en bambou &#8211; un pour chaque mod\u00e8le S2, S6, S7<\/span><\/p>\n<p><b><i>Emballage<\/i><\/b><\/p>\n<p><span style=\"font-weight: 400;\">1 x Pochette en papier<\/span><\/p>\n<p><span style=\"font-weight: 400;\">1 x Bo\u00eete en papier kraft<\/span><\/p>\n<p><span style=\"font-weight: 400;\">1 x Pochette en coton<\/span><\/p>\n<p><i><span style=\"font-weight: 400;\">REMARQUE : il s&rsquo;agit d&rsquo;un \u00e9chantillon d&#8217;emballage ; nous voulons que vous ayez autant confiance que nous dans la qualit\u00e9 de nos produits. Lorsque vous serez satisfait des d\u00e9tails apr\u00e8s les avoir examin\u00e9s et touch\u00e9s, nous pourrons discuter d&rsquo;autres mat\u00e9riaux d&#8217;emballage pour une commande personnalis\u00e9e et plus importante.<\/span><\/i><\/p>\n<p><span style=\"font-weight: 400;\">Ce kit <\/span><span style=\"font-weight: 400;\">augmentera consid\u00e9rablement la valeur \u00e0 vie de votre entreprise et laissera une marque ind\u00e9l\u00e9bile sur vos clients. Ce kit contient pr\u00e9cis\u00e9ment ce dont vous avez besoin et un peu plus. Offrez un produit ou un Ensemble exceptionnel qui impressionnera certainement vos clients sans vous ruiner.<\/span><\/p>\n<p><span style=\"font-weight: 400;\">Chacun de nos produits est le fruit d&rsquo;un travail artisanal m\u00e9ticuleux ; ils sont non seulement fonctionnels, mais remplissent aussi une fonction importante. Ils sont tous fabriqu\u00e9s \u00e0 partir de bambou provenant de sources \u00e9thiques au Vi\u00eat Nam.<\/span><\/p>\n<p><b>Vous ne nous croyez pas ? &#8211; Essayez un kit pour vous en rendre compte.<\/b><\/p>\n<p><i><span style=\"font-weight: 400;\">Si vous \u00eates satisfait de notre kit de luxe, contactez-nous \u00e0 l&rsquo;adresse <\/span><\/i><b><i>info@ecodreamr.ch<\/i><\/b><i><span style=\"font-weight: 400;\"> afin que nous puissions coordonner la tarification et la personnalisation de la quantit\u00e9 requise. Apr\u00e8s avoir re\u00e7u et approuv\u00e9 nos kits d&rsquo;essai, si vous d\u00e9cidez de passer \u00e0 une commande personnalis\u00e9e compl\u00e8te, une <\/span><\/i><b><i>r\u00e9duction de 50 %<\/i><\/b><i><span style=\"font-weight: 400;\"> du co\u00fbt des kits sera appliqu\u00e9e au prix total de votre commande plus importante.<\/span><\/i><\/p>\n","protected":false},"excerpt":{"rendered":"<p><span style=\"font-weight: 400;\">61 % des voyageurs du monde entier pr\u00e9f\u00e8rent se rendre dans des h\u00f4tels respectueux de l&rsquo;environnement (Statista, 2020).<\/span><\/p>\n<p><span style=\"font-weight: 400;\">Et cela ne fera qu&rsquo;augmenter.<\/span><\/p>\n<p><span style=\"font-weight: 400;\">Les h\u00f4tels sont plus que jamais tenus de se pr\u00e9occuper de leur impact, faute de quoi ils subissent souvent des pertes financi\u00e8res consid\u00e9rables.<\/span><\/p>\n<p><span style=\"font-weight: 400;\">Une exp\u00e9rience h\u00f4teli\u00e8re irr\u00e9prochable doit englober tous les aspects, de la chambre principale aux toilettes intimes. Notre kit pour h\u00f4tels de luxe rehausse la norme pour offrir une exp\u00e9rience extraordinaire \u00e0 vos clients, une exp\u00e9rience qui marquera leur m\u00e9moire de mani\u00e8re ind\u00e9l\u00e9bile pour les ann\u00e9es \u00e0 venir.<\/span><\/p>\n","protected":false},"featured_media":8707,"template":"","meta":{"_coblocks_attr":"","_coblocks_dimensions":"","_coblocks_responsive_height":"","_coblocks_accordion_ie_support":""},"product_brand":[],"product_cat":[107],"product_tag":[],"class_list":{"0":"post-9311","1":"product","2":"type-product","3":"status-publish","4":"has-post-thumbnail","6":"product_cat-hotels-fr","8":"first","9":"instock","10":"shipping-taxable","11":"purchasable","12":"product-type-simple"},"_links":{"self":[{"href":"https:\/\/ecodreamr.ch\/fr\/wp-json\/wp\/v2\/product\/9311","targetHints":{"allow":["GET"]}}],"collection":[{"href":"https:\/\/ecodreamr.ch\/fr\/wp-json\/wp\/v2\/product"}],"about":[{"href":"https:\/\/ecodreamr.ch\/fr\/wp-json\/wp\/v2\/types\/product"}],"wp:featuredmedia":[{"embeddable":true,"href":"https:\/\/ecodreamr.ch\/fr\/wp-json\/wp\/v2\/media\/8707"}],"wp:attachment":[{"href":"https:\/\/ecodreamr.ch\/fr\/wp-json\/wp\/v2\/media?parent=9311"}],"wp:term":[{"taxonomy":"product_brand","embeddable":true,"href":"https:\/\/ecodreamr.ch\/fr\/wp-json\/wp\/v2\/product_brand?post=9311"},{"taxonomy":"product_cat","embeddable":true,"href":"https:\/\/ecodreamr.ch\/fr\/wp-json\/wp\/v2\/product_cat?post=9311"},{"taxonomy":"product_tag","embeddable":true,"href":"https:\/\/ecodreamr.ch\/fr\/wp-json\/wp\/v2\/product_tag?post=9311"}],"curies":[{"name":"wp","href":"https:\/\/api.w.org\/{rel}","templated":true}]}}