{"id":9310,"date":"2024-02-15T17:16:39","date_gmt":"2024-02-15T16:16:39","guid":{"rendered":"https:\/\/ecodreamr.ch\/product\/9310\/"},"modified":"2024-03-23T19:26:01","modified_gmt":"2024-03-23T18:26:01","slug":"9310","status":"publish","type":"product","link":"https:\/\/ecodreamr.ch\/fr\/produit\/9310\/","title":{"rendered":"Kit Bougies \u00e0 la Noix de Coco"},"content":{"rendered":"<p><b>Le kit comprend<\/b><\/p>\n<p><span style=\"font-weight: 400;\">1 x Bougie de soja \u00e0 la noix de coco 200ml, senteur Eucalyptus<\/span><\/p>\n<p><span style=\"font-weight: 400;\">1 x Bougie de soja \u00e0 la noix de coco 300ml, senteur pin<\/span><\/p>\n<p><span style=\"font-weight: 400;\">1 x Bougeoir en noix de coco avec design sp\u00e9cial<\/span><\/p>\n<p><span style=\"font-weight: 400;\">Cet ensemble est certain de g\u00e9n\u00e9rer une valeur de vie du client nettement plus \u00e9lev\u00e9e pour votre entreprise et de laisser une marque ind\u00e9l\u00e9bile sur vos clients. C&rsquo;est un r\u00eave devenu r\u00e9alit\u00e9 pour les amateurs de bougies : non seulement elles sentent bon, mais elles sont aussi b\u00e9n\u00e9fiques pour l&rsquo;environnement.<\/span><\/p>\n<p><span style=\"font-weight: 400;\">Chacun de nos produits est le fruit d\u2019un travail artisanal m\u00e9ticuleux ; ils ne sont pas seulement fonctionnels, mais remplissent aussi une fonction importante. Fabriqu\u00e9s \u00e0 partir de coques de noix de coco provenant de sources \u00e9thiques du Vi\u00eat Nam.<\/span><\/p>\n<p><b>Vous ne nous croyez pas ? &#8211; Essayez un kit pour vous en rendre compte.<\/b><\/p>\n<p><i><span style=\"font-weight: 400;\">Si vous \u00eates satisfait de notre kit de bougies \u00e0 la noix de coco, contactez-nous \u00e0 l&rsquo;adresse<\/span><\/i><b><i> info@ecodreamr.ch<\/i><\/b><i><span style=\"font-weight: 400;\"> afin que nous puissions coordonner la tarification et la personnalisation de la quantit\u00e9 requise. Apr\u00e8s avoir re\u00e7u et approuv\u00e9 nos kits d&rsquo;essai, si vous d\u00e9cidez de passer \u00e0 une commande personnalis\u00e9e compl\u00e8te, une <\/span><\/i><b><i>r\u00e9duction de 50 %<\/i><\/b><i><span style=\"font-weight: 400;\"> du co\u00fbt des kits sera appliqu\u00e9e au prix total de votre commande plus importante.<\/span><\/i><\/p>\n","protected":false},"excerpt":{"rendered":"<h4 style=\"color: red;\">Ce produit est uniquement disponible en pr\u00e9commande!<\/h4>\n<p><span style=\"font-weight: 400;\">La croissance des produits commercialis\u00e9s comme \u00e9cologiques a \u00e9t\u00e9 2.7 fois sup\u00e9rieure \u00e0 celle des produits non \u00e9cologiques. Soixante-quinze pour cent des produits durables se vendent mieux en ligne qu\u2019en magasin. 78% des consommateurs consid\u00e8rent que la durabilit\u00e9 est essentielle.<\/span><\/p>\n<p><span style=\"font-weight: 400;\">Les bougies naturelles br\u00fblent plus longtemps et plus fra\u00eechement que les bougies chimiques \u00e0 base de paraffine. En br\u00fblant, la paraffine, un sous-produit de l&rsquo;industrie p\u00e9troli\u00e8re, \u00e9met des produits chimiques dangereux dans l&rsquo;atmosph\u00e8re.<\/span><\/p>\n<p><span style=\"font-weight: 400;\">Les bougies fabriqu\u00e9es par EcoDreamr \u00e0 partir de coquilles de noix de coco ne contiennent que de la cire de soja naturelle de la plus haute qualit\u00e9. Ces bougies produisent non seulement une flamme plus l\u00e9g\u00e8re et plus durable, conform\u00e9ment \u00e0 la demande croissante du march\u00e9 pour des produits respectueux de l&rsquo;environnement, mais elles conf\u00e8rent \u00e9galement un air de style \u00e9co-chic sophistiqu\u00e9 \u00e0 votre espace.<\/span><\/p>\n","protected":false},"featured_media":8676,"template":"","meta":{"_coblocks_attr":"","_coblocks_dimensions":"","_coblocks_responsive_height":"","_coblocks_accordion_ie_support":""},"product_brand":[],"product_cat":[108],"product_tag":[],"class_list":{"0":"post-9310","1":"product","2":"type-product","3":"status-publish","4":"has-post-thumbnail","6":"product_cat-vente-au-detail","8":"first","9":"onbackorder","10":"shipping-taxable","11":"purchasable","12":"product-type-simple"},"_links":{"self":[{"href":"https:\/\/ecodreamr.ch\/fr\/wp-json\/wp\/v2\/product\/9310","targetHints":{"allow":["GET"]}}],"collection":[{"href":"https:\/\/ecodreamr.ch\/fr\/wp-json\/wp\/v2\/product"}],"about":[{"href":"https:\/\/ecodreamr.ch\/fr\/wp-json\/wp\/v2\/types\/product"}],"wp:featuredmedia":[{"embeddable":true,"href":"https:\/\/ecodreamr.ch\/fr\/wp-json\/wp\/v2\/media\/8676"}],"wp:attachment":[{"href":"https:\/\/ecodreamr.ch\/fr\/wp-json\/wp\/v2\/media?parent=9310"}],"wp:term":[{"taxonomy":"product_brand","embeddable":true,"href":"https:\/\/ecodreamr.ch\/fr\/wp-json\/wp\/v2\/product_brand?post=9310"},{"taxonomy":"product_cat","embeddable":true,"href":"https:\/\/ecodreamr.ch\/fr\/wp-json\/wp\/v2\/product_cat?post=9310"},{"taxonomy":"product_tag","embeddable":true,"href":"https:\/\/ecodreamr.ch\/fr\/wp-json\/wp\/v2\/product_tag?post=9310"}],"curies":[{"name":"wp","href":"https:\/\/api.w.org\/{rel}","templated":true}]}}