{"id":9309,"date":"2024-02-15T18:22:04","date_gmt":"2024-02-15T17:22:04","guid":{"rendered":"https:\/\/ecodreamr.ch\/product\/kit-de-demarrage-en-bambou\/"},"modified":"2024-03-23T19:21:19","modified_gmt":"2024-03-23T18:21:19","slug":"kit-de-demarrage-en-bambou","status":"publish","type":"product","link":"https:\/\/ecodreamr.ch\/fr\/produit\/kit-de-demarrage-en-bambou\/","title":{"rendered":"Kit de D\u00e9marrage en Bambou"},"content":{"rendered":"<p><b>Le kit comprend<\/b><\/p>\n<p><span style=\"font-weight: 400;\">1 x Brosse \u00e0 dents en bambou &#8211; Debout<\/span><\/p>\n<p><span style=\"font-weight: 400;\">1 x Brosse \u00e0 cheveux en bambou &#8211; ovale ou rectangle<\/span><\/p>\n<p><span style=\"font-weight: 400;\">3 x peigne en bambou &#8211; S2, S5, S6<\/span><\/p>\n<p><span style=\"font-weight: 400;\">1 x Rasoir en bambou \u00ab\u00a0Click\u00a0\u00bb (clic)<\/span><\/p>\n<p><span style=\"font-weight: 400;\">1 x Rasoir de s\u00e9curit\u00e9 en bambou &#8211; Premium<\/span><\/p>\n<p><span style=\"font-weight: 400;\">1 x Porte-savon en bambou\u00a0<\/span><\/p>\n<p><span style=\"font-weight: 400;\">1 x Coton-tige en bambou<\/span><\/p>\n<p><span style=\"font-weight: 400;\">1 x Set de couverts en bambou dans une pochette en coton<\/span><\/p>\n<p><span style=\"font-weight: 400;\">1 x Set de pailles en bambou dans une pochette en coton (5 pi\u00e8ces et brosse de nettoyage)<\/span><\/p>\n<p><span style=\"font-weight: 400;\">Cet ensemble est certain de g\u00e9n\u00e9rer une valeur de vie du client nettement plus \u00e9lev\u00e9e pour votre entreprise et de laisser une marque ind\u00e9l\u00e9bile sur vos clients.<\/span><\/p>\n<p><span style=\"font-weight: 400;\">Chacun de nos produits est le fruit d&rsquo;un travail artisanal m\u00e9ticuleux ; ils sont non seulement fonctionnels, mais remplissent aussi une fonction importante. D&rsquo;origine \u00e9thique du Vietnam, cet article est fabriqu\u00e9 \u00e0 partir de bambou.<\/span><\/p>\n<p><b>Vous ne nous croyez pas ? &#8211; Essayez un kit pour vous en rendre compte.<\/b><\/p>\n<p><i><span style=\"font-weight: 400;\">Si vous \u00eates satisfait de notre kit Lover Starter en Bambou, contactez-nous \u00e0 l&rsquo;adresse<\/span><\/i><b><i> info@ecodreamr.ch<\/i><\/b> <i><span style=\"font-weight: 400;\">afin que nous puissions coordonner la tarification et la personnalisation de la quantit\u00e9 requise. Apr\u00e8s avoir re\u00e7u et approuv\u00e9 nos kits d&rsquo;essai, si vous d\u00e9cidez de passer \u00e0 une commande personnalis\u00e9e compl\u00e8te, une <\/span><\/i><b><i>r\u00e9duction de 50 %<\/i><\/b><i><span style=\"font-weight: 400;\"> du co\u00fbt des kits sera appliqu\u00e9e au prix total de votre commande plus importante.<\/span><\/i><\/p>\n","protected":false},"excerpt":{"rendered":"<h4 style=\"color: red;\">Ce produit est uniquement disponible en pr\u00e9commande!<\/h4>\n<p><span style=\"font-weight: 400;\">La croissance des produits commercialis\u00e9s comme \u00e9cologiques a \u00e9t\u00e9 2.7 fois sup\u00e9rieure \u00e0 celle des produits non \u00e9cologiques. Soixante-quinze pour cent des produits durables se vendent mieux en ligne qu\u2019en magasin. 78% des consommateurs consid\u00e8rent que la durabilit\u00e9 est essentielle.<\/span><\/p>\n<p><span style=\"font-weight: 400;\">Dans le paysage mondial actuel, o\u00f9 la durabilit\u00e9 n&rsquo;est pas seulement une mode passag\u00e8re mais un imp\u00e9ratif, il est essentiel d&rsquo;adopter des pratiques respectueuses de l&rsquo;environnement dans sa vie quotidienne. Notre <\/span><span style=\"font-weight: 400;\">Kit de d\u00e9marrage en bambou<\/span><span style=\"font-weight: 400;\"> propose des accessoires de salle de bains qui non seulement pr\u00e9servent l&rsquo;environnement, mais am\u00e9liorent \u00e9galement l&rsquo;attrait visuel et la fonctionnalit\u00e9 de la vie quotidienne, s&rsquo;inscrivant ainsi harmonieusement dans cette philosophie.<\/span><\/p>\n<p><span style=\"font-weight: 400;\">La demande croissante des consommateurs pour des produits durables fait de l&rsquo;int\u00e9gration de ces d\u00e9cisions consciencieuses dans les habitudes quotidiennes une \u00e9tape importante vers un avenir plus vert.<\/span><\/p>\n<p><span style=\"font-weight: 400;\">Rejoignez-nous pour apporter des changements positifs dans les moindres d\u00e9tails quotidiens &#8211; une convergence de durabilit\u00e9 et de style<\/span><\/p>\n","protected":false},"featured_media":8784,"template":"","meta":{"_coblocks_attr":"","_coblocks_dimensions":"","_coblocks_responsive_height":"","_coblocks_accordion_ie_support":""},"product_brand":[],"product_cat":[108],"product_tag":[],"class_list":{"0":"post-9309","1":"product","2":"type-product","3":"status-publish","4":"has-post-thumbnail","6":"product_cat-vente-au-detail","8":"first","9":"onbackorder","10":"shipping-taxable","11":"purchasable","12":"product-type-simple"},"_links":{"self":[{"href":"https:\/\/ecodreamr.ch\/fr\/wp-json\/wp\/v2\/product\/9309","targetHints":{"allow":["GET"]}}],"collection":[{"href":"https:\/\/ecodreamr.ch\/fr\/wp-json\/wp\/v2\/product"}],"about":[{"href":"https:\/\/ecodreamr.ch\/fr\/wp-json\/wp\/v2\/types\/product"}],"wp:featuredmedia":[{"embeddable":true,"href":"https:\/\/ecodreamr.ch\/fr\/wp-json\/wp\/v2\/media\/8784"}],"wp:attachment":[{"href":"https:\/\/ecodreamr.ch\/fr\/wp-json\/wp\/v2\/media?parent=9309"}],"wp:term":[{"taxonomy":"product_brand","embeddable":true,"href":"https:\/\/ecodreamr.ch\/fr\/wp-json\/wp\/v2\/product_brand?post=9309"},{"taxonomy":"product_cat","embeddable":true,"href":"https:\/\/ecodreamr.ch\/fr\/wp-json\/wp\/v2\/product_cat?post=9309"},{"taxonomy":"product_tag","embeddable":true,"href":"https:\/\/ecodreamr.ch\/fr\/wp-json\/wp\/v2\/product_tag?post=9309"}],"curies":[{"name":"wp","href":"https:\/\/api.w.org\/{rel}","templated":true}]}}