{"id":9308,"date":"2024-02-15T18:32:24","date_gmt":"2024-02-15T17:32:24","guid":{"rendered":"https:\/\/ecodreamr.ch\/product\/kit-de-reve-pour-enfants-en-bambou\/"},"modified":"2024-03-26T11:49:11","modified_gmt":"2024-03-26T10:49:11","slug":"kit-de-reve-pour-enfants-en-bambou","status":"publish","type":"product","link":"https:\/\/ecodreamr.ch\/fr\/produit\/kit-de-reve-pour-enfants-en-bambou\/","title":{"rendered":"Kit de R\u00eave Pour Enfants en Bambou"},"content":{"rendered":"<p><b>Le kit comprend<\/b><\/p>\n<p><span style=\"font-weight: 400;\">1 x Assiette en bambou Ours<\/span><\/p>\n<p><span style=\"font-weight: 400;\">1 x Assiette en Bambou Renard<\/span><\/p>\n<p><span style=\"font-weight: 400;\">1 x Assiette en Bambou El\u00e9phant<\/span><\/p>\n<p><span style=\"font-weight: 400;\">1 x Assiette en bambou &#8211; Combinaison avec cuill\u00e8re<\/span><\/p>\n<p><span style=\"font-weight: 400;\">1 x Set de couverts en bambou pour enfants<\/span><\/p>\n<p><span style=\"font-weight: 400;\">1 x Brosse \u00e0 dents en bambou Debout pour enfants<\/span><\/p>\n<p><span style=\"font-weight: 400;\">Cet ensemble est certain de g\u00e9n\u00e9rer une valeur de vie du client nettement plus \u00e9lev\u00e9e pour votre entreprise et de laisser une marque ind\u00e9l\u00e9bile sur vos clients. Guider leurs enfants avec des outils qui favorisent le sens de la responsabilit\u00e9 et leur permettent d&rsquo;apporter des changements positifs d\u00e8s leur plus jeune \u00e2ge est une immense source de joie pour les parents.<\/span><\/p>\n<p><span style=\"font-weight: 400;\">Chacun de nos produits est le fruit d&rsquo;un travail artisanal m\u00e9ticuleux ; ils ne sont pas seulement fonctionnels, mais remplissent aussi une fonction importante. D&rsquo;origine \u00e9thique du Vietnam, cet article est fabriqu\u00e9 \u00e0 partir de bambou.<\/span><\/p>\n<p><b>Vous ne nous croyez pas ? &#8211; Essayez un kit pour vous en rendre compte.<\/b><\/p>\n<p><i><span style=\"font-weight: 400;\">Si vous \u00eates satisfait de notre Kit de r\u00eave pour enfants en bambou, veuillez nous contacter \u00e0 l&rsquo;adresse<\/span><\/i><b><i> info@ecodreamr.ch<\/i><\/b><i><span style=\"font-weight: 400;\"> afin que nous puissions coordonner la tarification et la personnalisation de la quantit\u00e9 requise. Apr\u00e8s avoir re\u00e7u et approuv\u00e9 nos kits d&rsquo;essai, si vous d\u00e9cidez de passer \u00e0 une commande personnalis\u00e9e compl\u00e8te, une <\/span><\/i><b><i>r\u00e9duction de 50 %<\/i><\/b><i><span style=\"font-weight: 400;\"> du co\u00fbt des kits sera appliqu\u00e9e au prix total de votre commande plus importante.<\/span><\/i><\/p>\n","protected":false},"excerpt":{"rendered":"<h4 style=\"color: red;\">Ce produit est uniquement disponible en pr\u00e9commande!<\/h4>\n<p><span style=\"font-weight: 400;\">La croissance des produits commercialis\u00e9s comme \u00e9cologiques a \u00e9t\u00e9 2.7 fois sup\u00e9rieure \u00e0 celle des produits non \u00e9cologiques. Soixante-quinze pour cent des produits durables se vendent mieux en ligne qu&rsquo;en magasin. 78 % des consommateurs consid\u00e8rent que la durabilit\u00e9 est essentielle.<\/span><\/p>\n<p><span style=\"font-weight: 400;\">Promouvoir une prise de conscience pr\u00e9coce de l&rsquo;environnement chez les enfants en leur pr\u00e9sentant des produits qui sont non seulement plus s\u00fbrs \u00e0 consommer, mais qui ajoutent \u00e9galement un \u00e9l\u00e9ment agr\u00e9able aux repas ; c&rsquo;est la combinaison id\u00e9ale de la s\u00e9curit\u00e9, du plaisir et du style.<\/span><\/p>\n<p><span style=\"font-weight: 400;\">Transformez l&rsquo;exp\u00e9rience gastronomique en un moment de plaisir.<\/span><\/p>\n","protected":false},"featured_media":8809,"template":"","meta":{"_coblocks_attr":"","_coblocks_dimensions":"","_coblocks_responsive_height":"","_coblocks_accordion_ie_support":""},"product_brand":[],"product_cat":[108],"product_tag":[],"class_list":{"0":"post-9308","1":"product","2":"type-product","3":"status-publish","4":"has-post-thumbnail","6":"product_cat-vente-au-detail","8":"first","9":"onbackorder","10":"shipping-taxable","11":"purchasable","12":"product-type-simple"},"_links":{"self":[{"href":"https:\/\/ecodreamr.ch\/fr\/wp-json\/wp\/v2\/product\/9308","targetHints":{"allow":["GET"]}}],"collection":[{"href":"https:\/\/ecodreamr.ch\/fr\/wp-json\/wp\/v2\/product"}],"about":[{"href":"https:\/\/ecodreamr.ch\/fr\/wp-json\/wp\/v2\/types\/product"}],"wp:featuredmedia":[{"embeddable":true,"href":"https:\/\/ecodreamr.ch\/fr\/wp-json\/wp\/v2\/media\/8809"}],"wp:attachment":[{"href":"https:\/\/ecodreamr.ch\/fr\/wp-json\/wp\/v2\/media?parent=9308"}],"wp:term":[{"taxonomy":"product_brand","embeddable":true,"href":"https:\/\/ecodreamr.ch\/fr\/wp-json\/wp\/v2\/product_brand?post=9308"},{"taxonomy":"product_cat","embeddable":true,"href":"https:\/\/ecodreamr.ch\/fr\/wp-json\/wp\/v2\/product_cat?post=9308"},{"taxonomy":"product_tag","embeddable":true,"href":"https:\/\/ecodreamr.ch\/fr\/wp-json\/wp\/v2\/product_tag?post=9308"}],"curies":[{"name":"wp","href":"https:\/\/api.w.org\/{rel}","templated":true}]}}