{"id":9304,"date":"2024-03-01T16:53:57","date_gmt":"2024-03-01T15:53:57","guid":{"rendered":"https:\/\/ecodreamr.ch\/product\/kit-de-tasses-en-bambou-premium\/"},"modified":"2024-03-23T19:06:19","modified_gmt":"2024-03-23T18:06:19","slug":"kit-de-tasses-en-bambou-premium","status":"publish","type":"product","link":"https:\/\/ecodreamr.ch\/fr\/produit\/kit-de-tasses-en-bambou-premium\/","title":{"rendered":"Kit de Tasses en Bambou Premium"},"content":{"rendered":"<p><b>Le kit comprend<\/b><\/p>\n<p><span style=\"font-weight: 400;\">1 x <\/span><span style=\"font-weight: 400;\">Gobelet <\/span><span style=\"font-weight: 400;\">en bambou de qualit\u00e9 sup\u00e9rieure 120ml<\/span><\/p>\n<p><span style=\"font-weight: 400;\">1 x Gobelet en bambou de qualit\u00e9 sup\u00e9rieure<\/span><\/p>\n<p><span style=\"font-weight: 400;\">1 x Gobelet en bambou de qualit\u00e9 sup\u00e9rieure avec poign\u00e9e\u00a0<\/span><\/p>\n<p><span style=\"font-weight: 400;\">1 x Gobelet \u00e0 vin en bambou de qualit\u00e9 sup\u00e9rieure 200ml<\/span><\/p>\n<p><span style=\"font-weight: 400;\">1 x Gobelet \u00e0 vin en bambou de qualit\u00e9 sup\u00e9rieure 300ml<\/span><\/p>\n<p><span style=\"font-weight: 400;\">Bien que ce kit contienne moins d&rsquo;articles, il offre un assortiment plus vari\u00e9 de vari\u00e9t\u00e9s de tasses. Chaque gobelet est fabriqu\u00e9 \u00e0 partir d&rsquo;un panneau de bambou sp\u00e9cialement trait\u00e9, ce qui lui conf\u00e8re un aspect haut de gamme.<\/span><\/p>\n<p><span style=\"font-weight: 400;\">Subtil, discret, mais difficile \u00e0 oublier.\u00a0<\/span><\/p>\n<p><span style=\"font-weight: 400;\">Chacun de nos produits est le fruit d&rsquo;un travail artisanal m\u00e9ticuleux ; ils ne sont pas seulement fonctionnels, mais remplissent aussi une fonction importante. Fabriqu\u00e9 \u00e0 partir de bambou provenant du Vietnam, dans le respect de l&rsquo;\u00e9thique.<\/span><\/p>\n<p><b>Vous ne nous croyez pas ? &#8211; Essayez un kit pour vous en rendre compte.<\/b><\/p>\n<p><i><span style=\"font-weight: 400;\">Si vous \u00eates satisfait de notre kit de gobelets Premium, contactez-nous \u00e0 l&rsquo;adresse <\/span><\/i><b><i>info@ecodreamr.ch<\/i><\/b><i><span style=\"font-weight: 400;\"> afin que nous puissions coordonner la tarification et la personnalisation de la quantit\u00e9 requise. Apr\u00e8s avoir re\u00e7u et approuv\u00e9 nos kits d&rsquo;essai, si vous d\u00e9cidez de passer \u00e0 une commande personnalis\u00e9e compl\u00e8te, une<\/span><\/i><b><i> r\u00e9duction de 50 %<\/i><\/b><i><span style=\"font-weight: 400;\"> du co\u00fbt des kits sera appliqu\u00e9e au prix total de votre commande plus importante.<\/span><\/i><\/p>\n","protected":false},"excerpt":{"rendered":"<p><span style=\"font-weight: 400;\">Selon des \u00e9tudes r\u00e9centes, les clients semblent plus soucieux de l\u2019environnement lorsqu\u2019il s\u2019agit de choisir un restaurant ou un bar.<\/span><\/p>\n<p><span style=\"font-weight: 400;\">Et cela ne fera qu&rsquo;augmenter.<\/span><\/p>\n<p><span style=\"font-weight: 400;\">Les restaurants sont plus que jamais tenus de se pr\u00e9occuper de leur impact, faute de quoi ils subissent souvent des pertes financi\u00e8res consid\u00e9rables.<\/span><\/p>\n<p><span style=\"font-weight: 400;\">Chez EcoDreamr, nous sommes sp\u00e9cialis\u00e9s dans les produits respectueux de l&rsquo;environnement. Notre kit de tasses en bambou de qualit\u00e9 sup\u00e9rieure contient une grande vari\u00e9t\u00e9 de gobelets, qui donnent tous la priorit\u00e9 \u00e0 la plan\u00e8te.<\/span><\/p>\n<p><span style=\"font-weight: 400;\">Une fa\u00e7on simple et subtile de donner une nouvelle dimension \u00e0 vos espaces de d\u00e9tente ext\u00e9rieurs gr\u00e2ce aux tasses en bambou de qualit\u00e9 sup\u00e9rieure d&rsquo;EcoDreamr.<\/span><\/p>\n","protected":false},"featured_media":8895,"template":"","meta":{"_coblocks_attr":"","_coblocks_dimensions":"","_coblocks_responsive_height":"","_coblocks_accordion_ie_support":""},"product_brand":[],"product_cat":[106],"product_tag":[],"class_list":{"0":"post-9304","1":"product","2":"type-product","3":"status-publish","4":"has-post-thumbnail","6":"product_cat-restaurants-et-bars","8":"first","9":"instock","10":"shipping-taxable","11":"purchasable","12":"product-type-simple"},"_links":{"self":[{"href":"https:\/\/ecodreamr.ch\/fr\/wp-json\/wp\/v2\/product\/9304","targetHints":{"allow":["GET"]}}],"collection":[{"href":"https:\/\/ecodreamr.ch\/fr\/wp-json\/wp\/v2\/product"}],"about":[{"href":"https:\/\/ecodreamr.ch\/fr\/wp-json\/wp\/v2\/types\/product"}],"wp:featuredmedia":[{"embeddable":true,"href":"https:\/\/ecodreamr.ch\/fr\/wp-json\/wp\/v2\/media\/8895"}],"wp:attachment":[{"href":"https:\/\/ecodreamr.ch\/fr\/wp-json\/wp\/v2\/media?parent=9304"}],"wp:term":[{"taxonomy":"product_brand","embeddable":true,"href":"https:\/\/ecodreamr.ch\/fr\/wp-json\/wp\/v2\/product_brand?post=9304"},{"taxonomy":"product_cat","embeddable":true,"href":"https:\/\/ecodreamr.ch\/fr\/wp-json\/wp\/v2\/product_cat?post=9304"},{"taxonomy":"product_tag","embeddable":true,"href":"https:\/\/ecodreamr.ch\/fr\/wp-json\/wp\/v2\/product_tag?post=9304"}],"curies":[{"name":"wp","href":"https:\/\/api.w.org\/{rel}","templated":true}]}}