{"id":9303,"date":"2024-03-01T17:01:17","date_gmt":"2024-03-01T16:01:17","guid":{"rendered":"https:\/\/ecodreamr.ch\/product\/kit-de-couverts-ecologiques\/"},"modified":"2024-03-23T19:02:08","modified_gmt":"2024-03-23T18:02:08","slug":"kit-de-couverts-ecologiques","status":"publish","type":"product","link":"https:\/\/ecodreamr.ch\/fr\/produit\/kit-de-couverts-ecologiques\/","title":{"rendered":"Kit de Couverts \u00c9cologiques"},"content":{"rendered":"<p><b>Le kit comprend<\/b><\/p>\n<p><span style=\"font-weight: 400;\">1 x Set de couverts en bambou dans une pochette en coton<\/span><\/p>\n<p><span style=\"font-weight: 400;\">1 x Set de couverts en noix de coco dans une pochette en coton<\/span><\/p>\n<p><span style=\"font-weight: 400;\">1 x Set de couverts en bois d&rsquo;\u00e9b\u00e8ne 19cm<\/span><\/p>\n<p><span style=\"font-weight: 400;\">1 x Cuill\u00e8re en bois d&rsquo;\u00e9b\u00e8ne 16cm<\/span><\/p>\n<p><span style=\"font-weight: 400;\">Int\u00e9grez avec succ\u00e8s chaque \u00e9l\u00e9ment qui contribue \u00e0 une exp\u00e9rience culinaire exceptionnellement m\u00e9morable, laissant \u00e0 vos clients une impression positive.<\/span><\/p>\n<p><span style=\"font-weight: 400;\">Chacun de nos produits est le fruit d&rsquo;un travail artisanal m\u00e9ticuleux ; ils ne sont pas seulement fonctionnels, mais remplissent aussi une fonction importante. Ils sont fabriqu\u00e9s \u00e0 partir de bambou et de bois de cocotier provenant de sources \u00e9thiques du Vi\u00eat Nam.<\/span><\/p>\n<p><b>Vous ne nous croyez pas ? &#8211; Essayez un kit pour vous en rendre compte.<\/b><\/p>\n<p><i><span style=\"font-weight: 400;\">Si vous \u00eates satisfait de notre kit de couverts, contactez-nous \u00e0 l&rsquo;adresse <\/span><\/i><b><i>info@ecodreamr.ch<\/i><\/b><i><span style=\"font-weight: 400;\"> afin que nous puissions coordonner la tarification et la personnalisation de la quantit\u00e9 requise. Apr\u00e8s avoir re\u00e7u et approuv\u00e9 nos kits d&rsquo;essai, si vous d\u00e9cidez de passer \u00e0 une commande personnalis\u00e9e compl\u00e8te, une <\/span><\/i><b><i>r\u00e9duction de 50 % <\/i><\/b><i><span style=\"font-weight: 400;\">du co\u00fbt des kits sera appliqu\u00e9e au prix total de votre commande plus importante.<\/span><\/i><\/p>\n","protected":false},"excerpt":{"rendered":"<h4 style=\"color: red;\">Ce produit est uniquement disponible en pr\u00e9commande!<\/h4>\n<p><span style=\"font-weight: 400;\">Selon des \u00e9tudes r\u00e9centes, les clients semblent plus soucieux de l\u2019environnement lorsqu\u2019il s\u2019agit de choisir un restaurant ou un bar.<\/span><\/p>\n<p><span style=\"font-weight: 400;\">Et cela ne fera qu&rsquo;augmenter.<\/span><\/p>\n<p><span style=\"font-weight: 400;\">Les restaurants sont plus que jamais tenus de se pr\u00e9occuper de leur impact, faute de quoi ils subissent souvent des pertes financi\u00e8res consid\u00e9rables.<\/span><\/p>\n<p><span style=\"font-weight: 400;\">Qu&rsquo;il s&rsquo;agisse d&rsquo;un d\u00e9jeuner au parc, d&rsquo;une excursion, d&rsquo;un plat \u00e0 emporter ou d&rsquo;un d\u00e9jeuner de bureau mouvement\u00e9, notre set de couverts en bambou est une option fiable et compl\u00e8te qui r\u00e9pond \u00e0 pratiquement toutes les occasions. Il convient parfaitement \u00e0 l&rsquo;ap\u00e9ritif ou au repas traditionnel du matin.<\/span><\/p>\n","protected":false},"featured_media":8913,"template":"","meta":{"_coblocks_attr":"","_coblocks_dimensions":"","_coblocks_responsive_height":"","_coblocks_accordion_ie_support":""},"product_brand":[],"product_cat":[106],"product_tag":[],"class_list":{"0":"post-9303","1":"product","2":"type-product","3":"status-publish","4":"has-post-thumbnail","6":"product_cat-restaurants-et-bars","8":"first","9":"onbackorder","10":"shipping-taxable","11":"purchasable","12":"product-type-simple"},"_links":{"self":[{"href":"https:\/\/ecodreamr.ch\/fr\/wp-json\/wp\/v2\/product\/9303","targetHints":{"allow":["GET"]}}],"collection":[{"href":"https:\/\/ecodreamr.ch\/fr\/wp-json\/wp\/v2\/product"}],"about":[{"href":"https:\/\/ecodreamr.ch\/fr\/wp-json\/wp\/v2\/types\/product"}],"wp:featuredmedia":[{"embeddable":true,"href":"https:\/\/ecodreamr.ch\/fr\/wp-json\/wp\/v2\/media\/8913"}],"wp:attachment":[{"href":"https:\/\/ecodreamr.ch\/fr\/wp-json\/wp\/v2\/media?parent=9303"}],"wp:term":[{"taxonomy":"product_brand","embeddable":true,"href":"https:\/\/ecodreamr.ch\/fr\/wp-json\/wp\/v2\/product_brand?post=9303"},{"taxonomy":"product_cat","embeddable":true,"href":"https:\/\/ecodreamr.ch\/fr\/wp-json\/wp\/v2\/product_cat?post=9303"},{"taxonomy":"product_tag","embeddable":true,"href":"https:\/\/ecodreamr.ch\/fr\/wp-json\/wp\/v2\/product_tag?post=9303"}],"curies":[{"name":"wp","href":"https:\/\/api.w.org\/{rel}","templated":true}]}}