{"id":9302,"date":"2024-03-01T17:32:19","date_gmt":"2024-03-01T16:32:19","guid":{"rendered":"https:\/\/ecodreamr.ch\/product\/ensemble-de-vaisselle-eco-chic-en-bambou\/"},"modified":"2024-03-23T18:56:56","modified_gmt":"2024-03-23T17:56:56","slug":"ensemble-de-vaisselle-eco-chic-en-bambou","status":"publish","type":"product","link":"https:\/\/ecodreamr.ch\/fr\/produit\/ensemble-de-vaisselle-eco-chic-en-bambou\/","title":{"rendered":"Ensemble de Vaisselle \u00c9co-Chic en Bambou"},"content":{"rendered":"<p><b>Le kit comprend<\/b><\/p>\n<p><span style=\"font-weight: 400;\">1 x Set de couverts en bambou dans une pochette en coton<\/span><\/p>\n<p><span style=\"font-weight: 400;\">1 x Fourchette en bambou<\/span><\/p>\n<p><span style=\"font-weight: 400;\">1 x Bol \u00e0 sauce en bambou 40ml<\/span><\/p>\n<p><span style=\"font-weight: 400;\">1 x Bol \u00e0 riz et \u00e0 soupe en bambou 250ml<\/span><\/p>\n<p><span style=\"font-weight: 400;\">1 x Bol en bambou avec couvercle<\/span><\/p>\n<p><span style=\"font-weight: 400;\">1 x Assiette plate en bambou &#8211; Rond M<\/span><\/p>\n<p><span style=\"font-weight: 400;\">1 x Assiette en bambou &#8211; Ronde S<\/span><\/p>\n<p><span style=\"font-weight: 400;\">Des centaines de restaurants re\u00e7oivent des produits \u00e9cologiques de la part d&rsquo;Ecodreamr, et notre Ensemble de vaisselle \u00e9co-chic en bambou offre une grande vari\u00e9t\u00e9 de styles de vaisselle qui mettent tous l&rsquo;accent sur la responsabilit\u00e9 environnementale.<\/span><\/p>\n<p><span style=\"font-weight: 400;\">Chacun de nos produits est le fruit d&rsquo;un travail artisanal m\u00e9ticuleux ; ils ne sont pas seulement fonctionnels, mais remplissent aussi une fonction importante. Fabriqu\u00e9 \u00e0 partir de bambou provenant du Vietnam, dans le respect de l&rsquo;\u00e9thique.<\/span><\/p>\n<p><b>Vous ne nous croyez pas ? &#8211; Essayez un kit pour vous en rendre compte.<\/b><\/p>\n<p><i><span style=\"font-weight: 400;\">Si vous \u00eates satisfait de notre ensemble de vaisselle en bambou, contactez-nous \u00e0 l&rsquo;adresse<\/span><\/i><b><i> info@ecodreamr.ch<\/i><\/b><i><span style=\"font-weight: 400;\"> afin que nous puissions coordonner la tarification et la personnalisation de la quantit\u00e9 requise. Apr\u00e8s avoir re\u00e7u et approuv\u00e9 nos kits d&rsquo;essai, si vous d\u00e9cidez de passer \u00e0 une commande personnalis\u00e9e compl\u00e8te, une <\/span><\/i><b><i>r\u00e9duction de 50 %<\/i><\/b><i><span style=\"font-weight: 400;\"> du co\u00fbt des kits sera appliqu\u00e9e au prix total de votre commande plus importante.<\/span><\/i><\/p>\n","protected":false},"excerpt":{"rendered":"<p><span style=\"font-weight: 400;\">Selon des \u00e9tudes r\u00e9centes, les clients semblent plus soucieux de l\u2019environnement lorsqu\u2019il s\u2019agit de choisir un restaurant ou un bar.<\/span><\/p>\n<p><span style=\"font-weight: 400;\">Et cela ne fera qu&rsquo;augmenter.<\/span><\/p>\n<p><span style=\"font-weight: 400;\">Les restaurants sont plus que jamais tenus de se pr\u00e9occuper de leur impact, faute de quoi ils subissent souvent des pertes financi\u00e8res consid\u00e9rables.<\/span><\/p>\n<p><span style=\"font-weight: 400;\">Ce kit contient tous les \u00e9l\u00e9ments essentiels n\u00e9cessaires pour cr\u00e9er une exp\u00e9rience gastronomique exceptionnelle, o\u00f9 la pr\u00e9sentation culinaire attire l&rsquo;attention et cr\u00e9e un impact m\u00e9morable. Chaque aspect est important lorsque l&rsquo;on vise l&rsquo;excellence.<\/span><\/p>\n","protected":false},"featured_media":8928,"template":"","meta":{"_coblocks_attr":"","_coblocks_dimensions":"","_coblocks_responsive_height":"","_coblocks_accordion_ie_support":""},"product_brand":[],"product_cat":[106],"product_tag":[],"class_list":{"0":"post-9302","1":"product","2":"type-product","3":"status-publish","4":"has-post-thumbnail","6":"product_cat-restaurants-et-bars","8":"first","9":"instock","10":"shipping-taxable","11":"purchasable","12":"product-type-simple"},"_links":{"self":[{"href":"https:\/\/ecodreamr.ch\/fr\/wp-json\/wp\/v2\/product\/9302","targetHints":{"allow":["GET"]}}],"collection":[{"href":"https:\/\/ecodreamr.ch\/fr\/wp-json\/wp\/v2\/product"}],"about":[{"href":"https:\/\/ecodreamr.ch\/fr\/wp-json\/wp\/v2\/types\/product"}],"wp:featuredmedia":[{"embeddable":true,"href":"https:\/\/ecodreamr.ch\/fr\/wp-json\/wp\/v2\/media\/8928"}],"wp:attachment":[{"href":"https:\/\/ecodreamr.ch\/fr\/wp-json\/wp\/v2\/media?parent=9302"}],"wp:term":[{"taxonomy":"product_brand","embeddable":true,"href":"https:\/\/ecodreamr.ch\/fr\/wp-json\/wp\/v2\/product_brand?post=9302"},{"taxonomy":"product_cat","embeddable":true,"href":"https:\/\/ecodreamr.ch\/fr\/wp-json\/wp\/v2\/product_cat?post=9302"},{"taxonomy":"product_tag","embeddable":true,"href":"https:\/\/ecodreamr.ch\/fr\/wp-json\/wp\/v2\/product_tag?post=9302"}],"curies":[{"name":"wp","href":"https:\/\/api.w.org\/{rel}","templated":true}]}}