{"id":9301,"date":"2024-03-01T17:38:04","date_gmt":"2024-03-01T16:38:04","guid":{"rendered":"https:\/\/ecodreamr.ch\/product\/kit-cocktail-de-pailles\/"},"modified":"2024-03-23T18:53:48","modified_gmt":"2024-03-23T17:53:48","slug":"kit-cocktail-de-pailles","status":"publish","type":"product","link":"https:\/\/ecodreamr.ch\/fr\/produit\/kit-cocktail-de-pailles\/","title":{"rendered":"Kit Cocktail de Pailles"},"content":{"rendered":"<p><b>Le kit comprend<\/b><\/p>\n<p><span style=\"font-weight: 400;\">5 x Pailles en bambou<\/span><\/p>\n<p><span style=\"font-weight: 400;\">5 x Pailles en verre<\/span><\/p>\n<p><span style=\"font-weight: 400;\">5 x Paille de bl\u00e9<\/span><\/p>\n<p><span style=\"font-weight: 400;\">5 x Pailles Roseau naturelles moyennes<\/span><\/p>\n<p><span style=\"font-weight: 400;\">5 x pailles Roseau fonc\u00e9es moyennes<\/span><\/p>\n<p><span style=\"font-weight: 400;\">5 x pailles Roseau natural slim<\/span><\/p>\n<p><span style=\"font-weight: 400;\">5 x pailles Roseau m\u00e9lange de L et XL<\/span><\/p>\n<p><span style=\"font-weight: 400;\">*Taille des pailles : Une combinaison de pailles de 20 cm et de 15 cm de long.<\/span><\/p>\n<p><span style=\"font-weight: 400;\">En impr\u00e9gnant votre \u00e9tablissement d&rsquo;une ambiance authentique et organique, cette collection garantit \u00e0 vos clients une exp\u00e9rience durable et m\u00e9morable.<\/span><\/p>\n<p><span style=\"font-weight: 400;\">Chacun de nos produits est le fruit d&rsquo;un travail artisanal m\u00e9ticuleux ; ils ne sont pas seulement fonctionnels, mais remplissent aussi une fonction importante. Le bambou est fabriqu\u00e9 de mani\u00e8re \u00e9thique au Vi\u00eat Nam, tandis que les pailles en roseau sont achet\u00e9s avec soin en Ukraine.<\/span><\/p>\n<p><b>Vous ne nous croyez pas ? &#8211; Essayez un kit pour vous en rendre compte.<\/b><\/p>\n<p><i><span style=\"font-weight: 400;\">Si vous \u00eates satisfait de notre kit de pailles, contactez-nous \u00e0 l&rsquo;adresse <\/span><\/i><b><i>info@ecodreamr.ch <\/i><\/b><i><span style=\"font-weight: 400;\">afin que nous puissions coordonner la tarification et la personnalisation de la quantit\u00e9 requise. Apr\u00e8s avoir re\u00e7u et approuv\u00e9 nos kits d&rsquo;essai, si vous d\u00e9cidez de passer \u00e0 une commande personnalis\u00e9e compl\u00e8te, une <\/span><\/i><b><i>r\u00e9duction de 50 %<\/i><\/b><i><span style=\"font-weight: 400;\"> du co\u00fbt des kits sera appliqu\u00e9e au prix total de votre commande plus importante.<\/span><\/i><\/p>\n","protected":false},"excerpt":{"rendered":"<p><span style=\"font-weight: 400;\">Selon des \u00e9tudes r\u00e9centes, les clients semblent plus soucieux de l\u2019environnement lorsqu\u2019il s\u2019agit de choisir un restaurant ou un bar.<\/span><\/p>\n<p><span style=\"font-weight: 400;\">Et cela ne fera qu&rsquo;augmenter.<\/span><\/p>\n<p><span style=\"font-weight: 400;\">Il n&rsquo;est pas simple de laisser une impression durable \u00e0 vos consommateurs, mais ce kit y contribue. Il am\u00e9liore l&rsquo;attrait visuel de votre \u00e9tablissement, bar ou occasion tout en pr\u00e9servant la rentabilit\u00e9 \u00e0 long terme.<\/span><\/p>\n","protected":false},"featured_media":8949,"template":"","meta":{"_coblocks_attr":"","_coblocks_dimensions":"","_coblocks_responsive_height":"","_coblocks_accordion_ie_support":""},"product_brand":[],"product_cat":[106],"product_tag":[],"class_list":{"0":"post-9301","1":"product","2":"type-product","3":"status-publish","4":"has-post-thumbnail","6":"product_cat-restaurants-et-bars","8":"first","9":"instock","10":"shipping-taxable","11":"purchasable","12":"product-type-simple"},"_links":{"self":[{"href":"https:\/\/ecodreamr.ch\/fr\/wp-json\/wp\/v2\/product\/9301","targetHints":{"allow":["GET"]}}],"collection":[{"href":"https:\/\/ecodreamr.ch\/fr\/wp-json\/wp\/v2\/product"}],"about":[{"href":"https:\/\/ecodreamr.ch\/fr\/wp-json\/wp\/v2\/types\/product"}],"wp:featuredmedia":[{"embeddable":true,"href":"https:\/\/ecodreamr.ch\/fr\/wp-json\/wp\/v2\/media\/8949"}],"wp:attachment":[{"href":"https:\/\/ecodreamr.ch\/fr\/wp-json\/wp\/v2\/media?parent=9301"}],"wp:term":[{"taxonomy":"product_brand","embeddable":true,"href":"https:\/\/ecodreamr.ch\/fr\/wp-json\/wp\/v2\/product_brand?post=9301"},{"taxonomy":"product_cat","embeddable":true,"href":"https:\/\/ecodreamr.ch\/fr\/wp-json\/wp\/v2\/product_cat?post=9301"},{"taxonomy":"product_tag","embeddable":true,"href":"https:\/\/ecodreamr.ch\/fr\/wp-json\/wp\/v2\/product_tag?post=9301"}],"curies":[{"name":"wp","href":"https:\/\/api.w.org\/{rel}","templated":true}]}}