{"id":9300,"date":"2024-02-15T17:59:01","date_gmt":"2024-02-15T16:59:01","guid":{"rendered":"https:\/\/ecodreamr.ch\/product\/kit-demarrage-en-noix-de-coco\/"},"modified":"2024-03-23T18:43:50","modified_gmt":"2024-03-23T17:43:50","slug":"kit-demarrage-en-noix-de-coco","status":"publish","type":"product","link":"https:\/\/ecodreamr.ch\/fr\/produit\/kit-demarrage-en-noix-de-coco\/","title":{"rendered":"Kit D\u00e9marrage en Noix de Coco"},"content":{"rendered":"<p><b>Le kit comprend<\/b><\/p>\n<p><span style=\"font-weight: 400;\">1 x Bol \u00e0 noix de coco (triple polissage)<\/span><\/p>\n<p><span style=\"font-weight: 400;\">1 x Bol en noix de coco (\u00e9dition limit\u00e9e)\u00a0<\/span><\/p>\n<p><span style=\"font-weight: 400;\">1 x Bol \u00e0 cr\u00e8me glac\u00e9e \u00e0 la noix de coco<\/span><\/p>\n<p><span style=\"font-weight: 400;\">1 x Bol \u00e0 noix de coco avec support M<\/span><\/p>\n<p><span style=\"font-weight: 400;\">1 x Cuill\u00e8re en bois de coco 16cm<\/span><\/p>\n<p><span style=\"font-weight: 400;\">1 x Couverts en bois de coco dans une pochette en coton (bois de coco)<\/span><\/p>\n<p><span style=\"font-weight: 400;\">1 x Couverts en noix de coco dans une pochette en coton (Ebony)\u00a0<\/span><\/p>\n<p><span style=\"font-weight: 400;\">4 x Porte-savon en noix de coco &#8211; Poisson, El\u00e9phant, Fleur, Feuille<\/span><\/p>\n<p><span style=\"font-weight: 400;\">Cet ensemble est certain de g\u00e9n\u00e9rer une valeur de vie du client nettement plus \u00e9lev\u00e9e pour votre entreprise et de laisser une marque ind\u00e9l\u00e9bile sur vos clients.<\/span><\/p>\n<p><span style=\"font-weight: 400;\">Chacun de nos produits est le fruit d\u2019un travail artisanal m\u00e9ticuleux ; ils ne sont pas seulement fonctionnels, mais remplissent aussi une fonction importante. Fabriqu\u00e9s \u00e0 partir de coques de noix de coco provenant de sources \u00e9thiques du Vi\u00eat Nam.<\/span><\/p>\n<p><b>Vous ne nous croyez pas ? &#8211; Essayez un kit pour vous en rendre compte.<\/b><\/p>\n<p><i><span style=\"font-weight: 400;\">Si vous \u00eates satisfait de notre kit Lover Starter en noix de coco, contactez-nous \u00e0 l&rsquo;adresse <\/span><\/i><b><i>info@ecodreamr.ch<\/i><\/b><i><span style=\"font-weight: 400;\"> afin que nous puissions coordonner la tarification et la personnalisation de la quantit\u00e9 requise. Apr\u00e8s avoir re\u00e7u et approuv\u00e9 nos kits d&rsquo;essai, si vous d\u00e9cidez de passer \u00e0 une commande personnalis\u00e9e compl\u00e8te, une <\/span><\/i><b><i>r\u00e9duction de 50 %<\/i><\/b><i><span style=\"font-weight: 400;\"> du co\u00fbt des kits sera appliqu\u00e9e au prix total de votre commande plus importante.<\/span><\/i><\/p>\n","protected":false},"excerpt":{"rendered":"<h4 style=\"color: red;\">Ce produit est uniquement disponible en pr\u00e9commande!<\/h4>\n<p><span style=\"font-weight: 400;\">La croissance des produits commercialis\u00e9s comme \u00e9cologiques a \u00e9t\u00e9 2.7 fois sup\u00e9rieure \u00e0 celle des produits non \u00e9cologiques. Soixante-quinze pour cent des produits durables se vendent mieux en ligne qu\u2019en magasin. 78% des consommateurs consid\u00e8rent que la durabilit\u00e9 est essentielle.<\/span><\/p>\n<p><span style=\"font-weight: 400;\">Enti\u00e8rement fabriqu\u00e9s \u00e0 partir de noix de coco biologiques sans produits chimiques, nos r\u00e9cipients et couverts en noix de coco repr\u00e9sentent une approche rationalis\u00e9e de la conscience environnementale.<\/span><\/p>\n<p><span style=\"font-weight: 400;\">En plus d&rsquo;\u00eatre biod\u00e9gradables, compostables et tout simplement incroyables, les noix de coco promeuvent l&rsquo;agriculture durable et incitent les individus \u00e0 faire le premier pas vers un mode de vie respectueux de l&rsquo;environnement.<\/span><\/p>\n","protected":false},"featured_media":8749,"template":"","meta":{"_coblocks_attr":"","_coblocks_dimensions":"","_coblocks_responsive_height":"","_coblocks_accordion_ie_support":""},"product_brand":[],"product_cat":[108],"product_tag":[],"class_list":{"0":"post-9300","1":"product","2":"type-product","3":"status-publish","4":"has-post-thumbnail","6":"product_cat-vente-au-detail","8":"first","9":"onbackorder","10":"shipping-taxable","11":"purchasable","12":"product-type-simple"},"_links":{"self":[{"href":"https:\/\/ecodreamr.ch\/fr\/wp-json\/wp\/v2\/product\/9300","targetHints":{"allow":["GET"]}}],"collection":[{"href":"https:\/\/ecodreamr.ch\/fr\/wp-json\/wp\/v2\/product"}],"about":[{"href":"https:\/\/ecodreamr.ch\/fr\/wp-json\/wp\/v2\/types\/product"}],"wp:featuredmedia":[{"embeddable":true,"href":"https:\/\/ecodreamr.ch\/fr\/wp-json\/wp\/v2\/media\/8749"}],"wp:attachment":[{"href":"https:\/\/ecodreamr.ch\/fr\/wp-json\/wp\/v2\/media?parent=9300"}],"wp:term":[{"taxonomy":"product_brand","embeddable":true,"href":"https:\/\/ecodreamr.ch\/fr\/wp-json\/wp\/v2\/product_brand?post=9300"},{"taxonomy":"product_cat","embeddable":true,"href":"https:\/\/ecodreamr.ch\/fr\/wp-json\/wp\/v2\/product_cat?post=9300"},{"taxonomy":"product_tag","embeddable":true,"href":"https:\/\/ecodreamr.ch\/fr\/wp-json\/wp\/v2\/product_tag?post=9300"}],"curies":[{"name":"wp","href":"https:\/\/api.w.org\/{rel}","templated":true}]}}