{"id":8345,"date":"2023-09-22T09:57:08","date_gmt":"2023-09-22T07:57:08","guid":{"rendered":"https:\/\/ecodreamr.ch\/?page_id=8345"},"modified":"2025-08-21T13:41:12","modified_gmt":"2025-08-21T11:41:12","slug":"catalogues","status":"publish","type":"page","link":"https:\/\/ecodreamr.ch\/fr\/catalogues\/","title":{"rendered":"Catalogues"},"content":{"rendered":"<div class=\"wpb-content-wrapper\"><p>[vc_row][vc_column][vc_row_inner][vc_column_inner width=\u00a0\u00bb1\/4&Prime;]\t\t<div id=\"wd-68a7052edd483\" class=\"wd-image wd-wpb wd-rs-68a7052edd483 text-center vc_custom_1755776317775\">\n\t\t\t\t\t\t\t<a href=\"https:\/\/ecodreamr.ch\/flipbook\/bar-fr\/index.html\"  target=\"_blank\">\n\t\t\t\n\t\t\t<img loading=\"lazy\" decoding=\"async\" width=\"566\" height=\"800\" src=\"https:\/\/ecodreamr.ch\/wp-content\/uploads\/2024\/03\/aynurtasim-COVER-PAGES-FR-bar-566x800.jpg\" class=\"attachment-large size-large\" alt=\"\" srcset=\"https:\/\/ecodreamr.ch\/wp-content\/uploads\/2024\/03\/aynurtasim-COVER-PAGES-FR-bar-566x800.jpg 566w, https:\/\/ecodreamr.ch\/wp-content\/uploads\/2024\/03\/aynurtasim-COVER-PAGES-FR-bar-212x300.jpg 212w, https:\/\/ecodreamr.ch\/wp-content\/uploads\/2024\/03\/aynurtasim-COVER-PAGES-FR-bar-768x1086.jpg 768w, https:\/\/ecodreamr.ch\/wp-content\/uploads\/2024\/03\/aynurtasim-COVER-PAGES-FR-bar-1086x1536.jpg 1086w, https:\/\/ecodreamr.ch\/wp-content\/uploads\/2024\/03\/aynurtasim-COVER-PAGES-FR-bar-1448x2048.jpg 1448w, https:\/\/ecodreamr.ch\/wp-content\/uploads\/2024\/03\/aynurtasim-COVER-PAGES-FR-bar-700x990.jpg 700w, https:\/\/ecodreamr.ch\/wp-content\/uploads\/2024\/03\/aynurtasim-COVER-PAGES-FR-bar-150x212.jpg 150w, https:\/\/ecodreamr.ch\/wp-content\/uploads\/2024\/03\/aynurtasim-COVER-PAGES-FR-bar-scaled.jpg 1810w\" sizes=\"auto, (max-width: 566px) 100vw, 566px\" \/>\n\t\t\t\t\t\t\t<\/a>\n\t\t\t\t\t<\/div>\n\t\t<div id=\"wd-68a64b0710b9e\" class=\" wd-rs-68a64b0710b9e vc_custom_1755728653597 wd-button-wrapper text-center\"><a href=\"https:\/\/ecodreamr.ch\/flipbook\/bar-fr\/index.html\" title=\"\" target=\"_blank\" class=\"btn btn-color-primary btn-style-default btn-shape-round btn-size-small\">VOIR<\/a><\/div>[vc_empty_space woodmart_hide_large=\u00a0\u00bb0&Prime; woodmart_hide_medium=\u00a0\u00bb0&Prime; woodmart_hide_small=\u00a0\u00bb0&Prime;][\/vc_column_inner][vc_column_inner width=\u00a0\u00bb1\/4&Prime;]\t\t<div id=\"wd-68a7054227fcd\" class=\"wd-image wd-wpb wd-rs-68a7054227fcd text-center vc_custom_1755776328583\">\n\t\t\t\t\t\t\t<a href=\"https:\/\/ecodreamr.ch\/flipbook\/hotel-fr\/index.html\"  target=\"_blank\">\n\t\t\t\n\t\t\t<img loading=\"lazy\" decoding=\"async\" width=\"566\" height=\"800\" src=\"https:\/\/ecodreamr.ch\/wp-content\/uploads\/2024\/03\/aynurtasim-COVER-PAGES-FR-hotel-566x800.jpg\" class=\"attachment-large size-large\" alt=\"\" srcset=\"https:\/\/ecodreamr.ch\/wp-content\/uploads\/2024\/03\/aynurtasim-COVER-PAGES-FR-hotel-566x800.jpg 566w, https:\/\/ecodreamr.ch\/wp-content\/uploads\/2024\/03\/aynurtasim-COVER-PAGES-FR-hotel-212x300.jpg 212w, https:\/\/ecodreamr.ch\/wp-content\/uploads\/2024\/03\/aynurtasim-COVER-PAGES-FR-hotel-768x1086.jpg 768w, https:\/\/ecodreamr.ch\/wp-content\/uploads\/2024\/03\/aynurtasim-COVER-PAGES-FR-hotel-1086x1536.jpg 1086w, https:\/\/ecodreamr.ch\/wp-content\/uploads\/2024\/03\/aynurtasim-COVER-PAGES-FR-hotel-1448x2048.jpg 1448w, https:\/\/ecodreamr.ch\/wp-content\/uploads\/2024\/03\/aynurtasim-COVER-PAGES-FR-hotel-700x990.jpg 700w, https:\/\/ecodreamr.ch\/wp-content\/uploads\/2024\/03\/aynurtasim-COVER-PAGES-FR-hotel-150x212.jpg 150w, https:\/\/ecodreamr.ch\/wp-content\/uploads\/2024\/03\/aynurtasim-COVER-PAGES-FR-hotel-scaled.jpg 1810w\" sizes=\"auto, (max-width: 566px) 100vw, 566px\" \/>\n\t\t\t\t\t\t\t<\/a>\n\t\t\t\t\t<\/div>\n\t\t<div id=\"wd-68a64b10287af\" class=\" wd-rs-68a64b10287af vc_custom_1755728661484 wd-button-wrapper text-center\"><a href=\"https:\/\/ecodreamr.ch\/flipbook\/hotel-fr\/index.html\" title=\"\" target=\"_blank\" class=\"btn btn-color-primary btn-style-default btn-shape-round btn-size-small\">VOIR<\/a><\/div>[vc_empty_space woodmart_hide_large=\u00a0\u00bb0&Prime; woodmart_hide_medium=\u00a0\u00bb0&Prime; woodmart_hide_small=\u00a0\u00bb0&Prime;][\/vc_column_inner][vc_column_inner width=\u00a0\u00bb1\/4&Prime;]\t\t<div id=\"wd-68a7054db07a9\" class=\"wd-image wd-wpb wd-rs-68a7054db07a9 text-center vc_custom_1755776343156\">\n\t\t\t\t\t\t\t<a href=\"https:\/\/ecodreamr.ch\/flipbook\/kitchen-fr\/index.html\"  target=\"_blank\">\n\t\t\t\n\t\t\t<img loading=\"lazy\" decoding=\"async\" width=\"566\" height=\"800\" src=\"https:\/\/ecodreamr.ch\/wp-content\/uploads\/2024\/03\/aynurtasim-COVER-PAGES-FR-kitchen-566x800.jpg\" class=\"attachment-large size-large\" alt=\"\" srcset=\"https:\/\/ecodreamr.ch\/wp-content\/uploads\/2024\/03\/aynurtasim-COVER-PAGES-FR-kitchen-566x800.jpg 566w, https:\/\/ecodreamr.ch\/wp-content\/uploads\/2024\/03\/aynurtasim-COVER-PAGES-FR-kitchen-212x300.jpg 212w, https:\/\/ecodreamr.ch\/wp-content\/uploads\/2024\/03\/aynurtasim-COVER-PAGES-FR-kitchen-768x1086.jpg 768w, https:\/\/ecodreamr.ch\/wp-content\/uploads\/2024\/03\/aynurtasim-COVER-PAGES-FR-kitchen-1086x1536.jpg 1086w, https:\/\/ecodreamr.ch\/wp-content\/uploads\/2024\/03\/aynurtasim-COVER-PAGES-FR-kitchen-1448x2048.jpg 1448w, https:\/\/ecodreamr.ch\/wp-content\/uploads\/2024\/03\/aynurtasim-COVER-PAGES-FR-kitchen-700x990.jpg 700w, https:\/\/ecodreamr.ch\/wp-content\/uploads\/2024\/03\/aynurtasim-COVER-PAGES-FR-kitchen-150x212.jpg 150w, https:\/\/ecodreamr.ch\/wp-content\/uploads\/2024\/03\/aynurtasim-COVER-PAGES-FR-kitchen-scaled.jpg 1810w\" sizes=\"auto, (max-width: 566px) 100vw, 566px\" \/>\n\t\t\t\t\t\t\t<\/a>\n\t\t\t\t\t<\/div>\n\t\t<div id=\"wd-68a64b19b6f20\" class=\" wd-rs-68a64b19b6f20 vc_custom_1755728670812 wd-button-wrapper text-center\"><a href=\"https:\/\/ecodreamr.ch\/flipbook\/kitchen-fr\/index.html\" title=\"\" target=\"_blank\" class=\"btn btn-color-primary btn-style-default btn-shape-round btn-size-small\">VOIR<\/a><\/div>[vc_empty_space woodmart_hide_large=\u00a0\u00bb0&Prime; woodmart_hide_medium=\u00a0\u00bb0&Prime; woodmart_hide_small=\u00a0\u00bb0&Prime;][\/vc_column_inner][vc_column_inner width=\u00a0\u00bb1\/4&Prime;]\t\t<div id=\"wd-68a7055cc8c0f\" class=\"wd-image wd-wpb wd-rs-68a7055cc8c0f text-center vc_custom_1755776367022\">\n\t\t\t\t\t\t\t<a href=\"https:\/\/ecodreamr.ch\/flipbook\/bathroom-fr\/index.html\"  target=\"_blank\">\n\t\t\t\n\t\t\t<img loading=\"lazy\" decoding=\"async\" width=\"566\" height=\"800\" src=\"https:\/\/ecodreamr.ch\/wp-content\/uploads\/2024\/03\/aynurtasim-COVER-PAGES-FR-bathroom-566x800.jpg\" class=\"attachment-large size-large\" alt=\"\" srcset=\"https:\/\/ecodreamr.ch\/wp-content\/uploads\/2024\/03\/aynurtasim-COVER-PAGES-FR-bathroom-566x800.jpg 566w, https:\/\/ecodreamr.ch\/wp-content\/uploads\/2024\/03\/aynurtasim-COVER-PAGES-FR-bathroom-212x300.jpg 212w, https:\/\/ecodreamr.ch\/wp-content\/uploads\/2024\/03\/aynurtasim-COVER-PAGES-FR-bathroom-768x1086.jpg 768w, https:\/\/ecodreamr.ch\/wp-content\/uploads\/2024\/03\/aynurtasim-COVER-PAGES-FR-bathroom-1086x1536.jpg 1086w, https:\/\/ecodreamr.ch\/wp-content\/uploads\/2024\/03\/aynurtasim-COVER-PAGES-FR-bathroom-1448x2048.jpg 1448w, https:\/\/ecodreamr.ch\/wp-content\/uploads\/2024\/03\/aynurtasim-COVER-PAGES-FR-bathroom-700x990.jpg 700w, https:\/\/ecodreamr.ch\/wp-content\/uploads\/2024\/03\/aynurtasim-COVER-PAGES-FR-bathroom-150x212.jpg 150w, https:\/\/ecodreamr.ch\/wp-content\/uploads\/2024\/03\/aynurtasim-COVER-PAGES-FR-bathroom-scaled.jpg 1810w\" sizes=\"auto, (max-width: 566px) 100vw, 566px\" \/>\n\t\t\t\t\t\t\t<\/a>\n\t\t\t\t\t<\/div>\n\t\t<div id=\"wd-68a64b22695d6\" class=\" wd-rs-68a64b22695d6 vc_custom_1755728680366 wd-button-wrapper text-center\"><a href=\"https:\/\/ecodreamr.ch\/flipbook\/bathroom-fr\/index.html\" title=\"\" target=\"_blank\" class=\"btn btn-color-primary btn-style-default btn-shape-round btn-size-small\">VOIR<\/a><\/div>[vc_empty_space woodmart_hide_large=\u00a0\u00bb0&Prime; woodmart_hide_medium=\u00a0\u00bb0&Prime; woodmart_hide_small=\u00a0\u00bb0&Prime;][\/vc_column_inner][\/vc_row_inner][vc_row_inner][vc_column_inner width=\u00a0\u00bb1\/4&Prime;]\t\t<div id=\"wd-68a7059f1b7a5\" class=\"wd-image wd-wpb wd-rs-68a7059f1b7a5 text-center vc_custom_1755776421507\">\n\t\t\t\t\t\t\t<a href=\"https:\/\/ecodreamr.ch\/flipbook\/storage-fr\/index.html\"  target=\"_blank\">\n\t\t\t\n\t\t\t<img loading=\"lazy\" decoding=\"async\" width=\"566\" height=\"800\" src=\"https:\/\/ecodreamr.ch\/wp-content\/uploads\/2024\/03\/aynurtasim-COVER-PAGES-FR-storage-566x800.jpg\" class=\"attachment-large size-large\" alt=\"\" srcset=\"https:\/\/ecodreamr.ch\/wp-content\/uploads\/2024\/03\/aynurtasim-COVER-PAGES-FR-storage-566x800.jpg 566w, https:\/\/ecodreamr.ch\/wp-content\/uploads\/2024\/03\/aynurtasim-COVER-PAGES-FR-storage-212x300.jpg 212w, https:\/\/ecodreamr.ch\/wp-content\/uploads\/2024\/03\/aynurtasim-COVER-PAGES-FR-storage-768x1086.jpg 768w, https:\/\/ecodreamr.ch\/wp-content\/uploads\/2024\/03\/aynurtasim-COVER-PAGES-FR-storage-1086x1536.jpg 1086w, https:\/\/ecodreamr.ch\/wp-content\/uploads\/2024\/03\/aynurtasim-COVER-PAGES-FR-storage-1448x2048.jpg 1448w, https:\/\/ecodreamr.ch\/wp-content\/uploads\/2024\/03\/aynurtasim-COVER-PAGES-FR-storage-700x990.jpg 700w, https:\/\/ecodreamr.ch\/wp-content\/uploads\/2024\/03\/aynurtasim-COVER-PAGES-FR-storage-150x212.jpg 150w, https:\/\/ecodreamr.ch\/wp-content\/uploads\/2024\/03\/aynurtasim-COVER-PAGES-FR-storage-scaled.jpg 1810w\" sizes=\"auto, (max-width: 566px) 100vw, 566px\" \/>\n\t\t\t\t\t\t\t<\/a>\n\t\t\t\t\t<\/div>\n\t\t<div id=\"wd-68a64b2fcf811\" class=\" wd-rs-68a64b2fcf811 vc_custom_1755728698237 wd-button-wrapper text-center\"><a href=\"https:\/\/ecodreamr.ch\/flipbook\/storage-fr\/index.html\" title=\"\" target=\"_blank\" class=\"btn btn-color-primary btn-style-default btn-shape-round btn-size-small\">VOIR<\/a><\/div>[vc_empty_space woodmart_hide_large=\u00a0\u00bb0&Prime; woodmart_hide_medium=\u00a0\u00bb0&Prime; woodmart_hide_small=\u00a0\u00bb0&Prime;][\/vc_column_inner][vc_column_inner width=\u00a0\u00bb1\/4&Prime;]\t\t<div id=\"wd-68a705aaaf31e\" class=\"wd-image wd-wpb wd-rs-68a705aaaf31e text-center vc_custom_1755776432339\">\n\t\t\t\t\t\t\t<a href=\"https:\/\/ecodreamr.ch\/flipbook\/candles-fr\/index.html\"  target=\"_blank\">\n\t\t\t\n\t\t\t<img loading=\"lazy\" decoding=\"async\" width=\"566\" height=\"800\" src=\"https:\/\/ecodreamr.ch\/wp-content\/uploads\/2024\/03\/aynurtasim-COVER-PAGES-FR-candles-566x800.jpg\" class=\"attachment-large size-large\" alt=\"\" srcset=\"https:\/\/ecodreamr.ch\/wp-content\/uploads\/2024\/03\/aynurtasim-COVER-PAGES-FR-candles-566x800.jpg 566w, https:\/\/ecodreamr.ch\/wp-content\/uploads\/2024\/03\/aynurtasim-COVER-PAGES-FR-candles-212x300.jpg 212w, https:\/\/ecodreamr.ch\/wp-content\/uploads\/2024\/03\/aynurtasim-COVER-PAGES-FR-candles-768x1086.jpg 768w, https:\/\/ecodreamr.ch\/wp-content\/uploads\/2024\/03\/aynurtasim-COVER-PAGES-FR-candles-1086x1536.jpg 1086w, https:\/\/ecodreamr.ch\/wp-content\/uploads\/2024\/03\/aynurtasim-COVER-PAGES-FR-candles-1448x2048.jpg 1448w, https:\/\/ecodreamr.ch\/wp-content\/uploads\/2024\/03\/aynurtasim-COVER-PAGES-FR-candles-700x990.jpg 700w, https:\/\/ecodreamr.ch\/wp-content\/uploads\/2024\/03\/aynurtasim-COVER-PAGES-FR-candles-150x212.jpg 150w, https:\/\/ecodreamr.ch\/wp-content\/uploads\/2024\/03\/aynurtasim-COVER-PAGES-FR-candles-scaled.jpg 1810w\" sizes=\"auto, (max-width: 566px) 100vw, 566px\" \/>\n\t\t\t\t\t\t\t<\/a>\n\t\t\t\t\t<\/div>\n\t\t<div id=\"wd-68a64b4458339\" class=\" wd-rs-68a64b4458339 vc_custom_1755728714503 wd-button-wrapper text-center\"><a href=\"https:\/\/ecodreamr.ch\/flipbook\/candles-fr\/index.html\" title=\"\" target=\"_blank\" class=\"btn btn-color-primary btn-style-default btn-shape-round btn-size-small\">VOIR<\/a><\/div>[vc_empty_space woodmart_hide_large=\u00a0\u00bb0&Prime; woodmart_hide_medium=\u00a0\u00bb0&Prime; woodmart_hide_small=\u00a0\u00bb0&Prime;][\/vc_column_inner][vc_column_inner width=\u00a0\u00bb1\/4&Prime;]\t\t<div id=\"wd-68a705b55d74f\" class=\"wd-image wd-wpb wd-rs-68a705b55d74f text-center vc_custom_1755776443222\">\n\t\t\t\t\t\t\t<a href=\"https:\/\/ecodreamr.ch\/flipbook\/kids-fr\/index.html\"  target=\"_blank\">\n\t\t\t\n\t\t\t<img loading=\"lazy\" decoding=\"async\" width=\"566\" height=\"800\" src=\"https:\/\/ecodreamr.ch\/wp-content\/uploads\/2024\/03\/aynurtasim-COVER-PAGES-FR-kids-566x800.jpg\" class=\"attachment-large size-large\" alt=\"\" srcset=\"https:\/\/ecodreamr.ch\/wp-content\/uploads\/2024\/03\/aynurtasim-COVER-PAGES-FR-kids-566x800.jpg 566w, https:\/\/ecodreamr.ch\/wp-content\/uploads\/2024\/03\/aynurtasim-COVER-PAGES-FR-kids-212x300.jpg 212w, https:\/\/ecodreamr.ch\/wp-content\/uploads\/2024\/03\/aynurtasim-COVER-PAGES-FR-kids-768x1086.jpg 768w, https:\/\/ecodreamr.ch\/wp-content\/uploads\/2024\/03\/aynurtasim-COVER-PAGES-FR-kids-1086x1536.jpg 1086w, https:\/\/ecodreamr.ch\/wp-content\/uploads\/2024\/03\/aynurtasim-COVER-PAGES-FR-kids-1448x2048.jpg 1448w, https:\/\/ecodreamr.ch\/wp-content\/uploads\/2024\/03\/aynurtasim-COVER-PAGES-FR-kids-700x990.jpg 700w, https:\/\/ecodreamr.ch\/wp-content\/uploads\/2024\/03\/aynurtasim-COVER-PAGES-FR-kids-150x212.jpg 150w, https:\/\/ecodreamr.ch\/wp-content\/uploads\/2024\/03\/aynurtasim-COVER-PAGES-FR-kids-scaled.jpg 1810w\" sizes=\"auto, (max-width: 566px) 100vw, 566px\" \/>\n\t\t\t\t\t\t\t<\/a>\n\t\t\t\t\t<\/div>\n\t\t<div id=\"wd-68a64b4e643c5\" class=\" wd-rs-68a64b4e643c5 vc_custom_1755728725257 wd-button-wrapper text-center\"><a href=\"https:\/\/ecodreamr.ch\/flipbook\/kids-fr\/index.html\" title=\"\" target=\"_blank\" class=\"btn btn-color-primary btn-style-default btn-shape-round btn-size-small\">VOIR<\/a><\/div>[vc_empty_space woodmart_hide_large=\u00a0\u00bb0&Prime; woodmart_hide_medium=\u00a0\u00bb0&Prime; woodmart_hide_small=\u00a0\u00bb0&Prime;][\/vc_column_inner][vc_column_inner width=\u00a0\u00bb1\/4&Prime;]\t\t<div id=\"wd-68a705c190985\" class=\"wd-image wd-wpb wd-rs-68a705c190985 text-center vc_custom_1755776455787\">\n\t\t\t\t\t\t\t<a href=\"https:\/\/ecodreamr.ch\/flipbook\/accessories-fr\/index.html\"  target=\"_blank\">\n\t\t\t\n\t\t\t<img loading=\"lazy\" decoding=\"async\" width=\"566\" height=\"800\" src=\"https:\/\/ecodreamr.ch\/wp-content\/uploads\/2024\/03\/aynurtasim-COVER-PAGES-FR-access-566x800.jpg\" class=\"attachment-large size-large\" alt=\"\" srcset=\"https:\/\/ecodreamr.ch\/wp-content\/uploads\/2024\/03\/aynurtasim-COVER-PAGES-FR-access-566x800.jpg 566w, https:\/\/ecodreamr.ch\/wp-content\/uploads\/2024\/03\/aynurtasim-COVER-PAGES-FR-access-212x300.jpg 212w, https:\/\/ecodreamr.ch\/wp-content\/uploads\/2024\/03\/aynurtasim-COVER-PAGES-FR-access-768x1086.jpg 768w, https:\/\/ecodreamr.ch\/wp-content\/uploads\/2024\/03\/aynurtasim-COVER-PAGES-FR-access-1086x1536.jpg 1086w, https:\/\/ecodreamr.ch\/wp-content\/uploads\/2024\/03\/aynurtasim-COVER-PAGES-FR-access-1448x2048.jpg 1448w, https:\/\/ecodreamr.ch\/wp-content\/uploads\/2024\/03\/aynurtasim-COVER-PAGES-FR-access-700x990.jpg 700w, https:\/\/ecodreamr.ch\/wp-content\/uploads\/2024\/03\/aynurtasim-COVER-PAGES-FR-access-150x212.jpg 150w, https:\/\/ecodreamr.ch\/wp-content\/uploads\/2024\/03\/aynurtasim-COVER-PAGES-FR-access-scaled.jpg 1810w\" sizes=\"auto, (max-width: 566px) 100vw, 566px\" \/>\n\t\t\t\t\t\t\t<\/a>\n\t\t\t\t\t<\/div>\n\t\t<div id=\"wd-68a64b59e157f\" class=\" wd-rs-68a64b59e157f vc_custom_1755728739150 wd-button-wrapper text-center\"><a href=\"https:\/\/ecodreamr.ch\/flipbook\/accessories-fr\/index.html\" title=\"\" target=\"_blank\" class=\"btn btn-color-primary btn-style-default btn-shape-round btn-size-small\">VOIR<\/a><\/div>[vc_empty_space woodmart_hide_large=\u00a0\u00bb0&Prime; woodmart_hide_medium=\u00a0\u00bb0&Prime; woodmart_hide_small=\u00a0\u00bb0&Prime;][\/vc_column_inner][\/vc_row_inner][\/vc_column][\/vc_row][vc_row][vc_column][vc_row_inner][vc_column_inner width=\u00a0\u00bb1\/4&Prime;]\t\t<div id=\"wd-66deddbda0647\" class=\"wd-image wd-wpb wd-rs-66deddbda0647 text-center vc_custom_1725881796894\">\n\t\t\t\t\t\t\t<a href=\"https:\/\/ecodreamr.ch\/wp-content\/uploads\/2024\/09\/Rattan-Products-FR.pdf\"  target=\"_blank\">\n\t\t\t\n\t\t\t<img loading=\"lazy\" decoding=\"async\" width=\"566\" height=\"800\" src=\"https:\/\/ecodreamr.ch\/wp-content\/uploads\/2024\/09\/RATTAN-FR-566x800.jpg\" class=\"attachment-large size-large\" alt=\"\" srcset=\"https:\/\/ecodreamr.ch\/wp-content\/uploads\/2024\/09\/RATTAN-FR-566x800.jpg 566w, https:\/\/ecodreamr.ch\/wp-content\/uploads\/2024\/09\/RATTAN-FR-212x300.jpg 212w, https:\/\/ecodreamr.ch\/wp-content\/uploads\/2024\/09\/RATTAN-FR-768x1086.jpg 768w, https:\/\/ecodreamr.ch\/wp-content\/uploads\/2024\/09\/RATTAN-FR-1086x1536.jpg 1086w, https:\/\/ecodreamr.ch\/wp-content\/uploads\/2024\/09\/RATTAN-FR-1448x2048.jpg 1448w, https:\/\/ecodreamr.ch\/wp-content\/uploads\/2024\/09\/RATTAN-FR-700x990.jpg 700w, https:\/\/ecodreamr.ch\/wp-content\/uploads\/2024\/09\/RATTAN-FR-150x212.jpg 150w, https:\/\/ecodreamr.ch\/wp-content\/uploads\/2024\/09\/RATTAN-FR-scaled.jpg 1810w\" sizes=\"auto, (max-width: 566px) 100vw, 566px\" \/>\n\t\t\t\t\t\t\t<\/a>\n\t\t\t\t\t<\/div>\n\t\t<div id=\"wd-66db2cd0d1c33\" class=\" wd-rs-66db2cd0d1c33 vc_custom_1725639901699 wd-button-wrapper text-center\"><a href=\"https:\/\/ecodreamr.ch\/wp-content\/uploads\/2024\/09\/Rattan-Products-FR.pdf\" title=\"\" target=\"_blank\" class=\"btn btn-color-primary btn-style-default btn-shape-round btn-size-small\">VOIR<\/a><\/div>[vc_empty_space woodmart_hide_large=\u00a0\u00bb0&Prime; woodmart_hide_medium=\u00a0\u00bb0&Prime; woodmart_hide_small=\u00a0\u00bb0&Prime;][\/vc_column_inner][vc_column_inner width=\u00a0\u00bb1\/4&Prime;]\t\t<div id=\"wd-66deddd7458de\" class=\"wd-image wd-wpb wd-rs-66deddd7458de text-center vc_custom_1725881822911\">\n\t\t\t\t\t\t\t<a href=\"https:\/\/ecodreamr.ch\/wp-content\/uploads\/2023\/09\/Gobelets-ecologiques_EcoDreamr-FR.pdf\"  target=\"_blank\">\n\t\t\t\n\t\t\t<img loading=\"lazy\" decoding=\"async\" width=\"566\" height=\"800\" src=\"https:\/\/ecodreamr.ch\/wp-content\/uploads\/2024\/09\/CUPS-FR-566x800.jpg\" class=\"attachment-large size-large\" alt=\"\" srcset=\"https:\/\/ecodreamr.ch\/wp-content\/uploads\/2024\/09\/CUPS-FR-566x800.jpg 566w, https:\/\/ecodreamr.ch\/wp-content\/uploads\/2024\/09\/CUPS-FR-212x300.jpg 212w, https:\/\/ecodreamr.ch\/wp-content\/uploads\/2024\/09\/CUPS-FR-768x1086.jpg 768w, https:\/\/ecodreamr.ch\/wp-content\/uploads\/2024\/09\/CUPS-FR-1086x1536.jpg 1086w, https:\/\/ecodreamr.ch\/wp-content\/uploads\/2024\/09\/CUPS-FR-1448x2048.jpg 1448w, https:\/\/ecodreamr.ch\/wp-content\/uploads\/2024\/09\/CUPS-FR-700x990.jpg 700w, https:\/\/ecodreamr.ch\/wp-content\/uploads\/2024\/09\/CUPS-FR-150x212.jpg 150w, https:\/\/ecodreamr.ch\/wp-content\/uploads\/2024\/09\/CUPS-FR-scaled.jpg 1810w\" sizes=\"auto, (max-width: 566px) 100vw, 566px\" \/>\n\t\t\t\t\t\t\t<\/a>\n\t\t\t\t\t<\/div>\n\t\t<div id=\"wd-66db2c87f071a\" class=\" wd-rs-66db2c87f071a vc_custom_1725639827130 wd-button-wrapper text-center\"><a href=\"https:\/\/ecodreamr.ch\/wp-content\/uploads\/2023\/09\/Gobelets-ecologiques_EcoDreamr-FR.pdf\" title=\"\" target=\"_blank\" class=\"btn btn-color-primary btn-style-default btn-shape-round btn-size-small\">VOIR<\/a><\/div>[vc_empty_space woodmart_hide_large=\u00a0\u00bb0&Prime; woodmart_hide_medium=\u00a0\u00bb0&Prime; woodmart_hide_small=\u00a0\u00bb0&Prime;][\/vc_column_inner][vc_column_inner width=\u00a0\u00bb1\/4&Prime;]\t\t<div id=\"wd-66deddeed4435\" class=\"wd-image wd-wpb wd-rs-66deddeed4435 text-center vc_custom_1725881845892\">\n\t\t\t\t\t\t\t<a href=\"https:\/\/ecodreamr.ch\/wp-content\/uploads\/2023\/09\/Art-de-la-Table_EcoDreamr-FR.pdf\"  target=\"_blank\">\n\t\t\t\n\t\t\t<img loading=\"lazy\" decoding=\"async\" width=\"566\" height=\"800\" src=\"https:\/\/ecodreamr.ch\/wp-content\/uploads\/2024\/09\/TABLE-ART-FR-566x800.jpg\" class=\"attachment-large size-large\" alt=\"\" srcset=\"https:\/\/ecodreamr.ch\/wp-content\/uploads\/2024\/09\/TABLE-ART-FR-566x800.jpg 566w, https:\/\/ecodreamr.ch\/wp-content\/uploads\/2024\/09\/TABLE-ART-FR-212x300.jpg 212w, https:\/\/ecodreamr.ch\/wp-content\/uploads\/2024\/09\/TABLE-ART-FR-768x1086.jpg 768w, https:\/\/ecodreamr.ch\/wp-content\/uploads\/2024\/09\/TABLE-ART-FR-1086x1536.jpg 1086w, https:\/\/ecodreamr.ch\/wp-content\/uploads\/2024\/09\/TABLE-ART-FR-1448x2048.jpg 1448w, https:\/\/ecodreamr.ch\/wp-content\/uploads\/2024\/09\/TABLE-ART-FR-700x990.jpg 700w, https:\/\/ecodreamr.ch\/wp-content\/uploads\/2024\/09\/TABLE-ART-FR-150x212.jpg 150w, https:\/\/ecodreamr.ch\/wp-content\/uploads\/2024\/09\/TABLE-ART-FR-scaled.jpg 1810w\" sizes=\"auto, (max-width: 566px) 100vw, 566px\" \/>\n\t\t\t\t\t\t\t<\/a>\n\t\t\t\t\t<\/div>\n\t\t<div id=\"wd-66db2ca3bf292\" class=\" wd-rs-66db2ca3bf292 vc_custom_1725639852411 wd-button-wrapper text-center\"><a href=\"https:\/\/ecodreamr.ch\/wp-content\/uploads\/2023\/09\/Art-de-la-Table_EcoDreamr-FR.pdf\" title=\"\" target=\"_blank\" class=\"btn btn-color-primary btn-style-default btn-shape-round btn-size-small\">VOIR<\/a><\/div>[vc_empty_space woodmart_hide_large=\u00a0\u00bb0&Prime; woodmart_hide_medium=\u00a0\u00bb0&Prime; woodmart_hide_small=\u00a0\u00bb0&Prime;][\/vc_column_inner][vc_column_inner width=\u00a0\u00bb1\/4&Prime;]\t\t<div id=\"wd-66dede052b5e6\" class=\"wd-image wd-wpb wd-rs-66dede052b5e6 text-center vc_custom_1725881868258\">\n\t\t\t\t\t\t\t<a href=\"https:\/\/ecodreamr.ch\/wp-content\/uploads\/2023\/09\/Art-de-la-Table-Asie_EcoDreamr-FR.pdf\"  target=\"_blank\">\n\t\t\t\n\t\t\t<img loading=\"lazy\" decoding=\"async\" width=\"566\" height=\"800\" src=\"https:\/\/ecodreamr.ch\/wp-content\/uploads\/2024\/09\/TABLE-ART-ASIA-FR-566x800.jpg\" class=\"attachment-large size-large\" alt=\"\" srcset=\"https:\/\/ecodreamr.ch\/wp-content\/uploads\/2024\/09\/TABLE-ART-ASIA-FR-566x800.jpg 566w, https:\/\/ecodreamr.ch\/wp-content\/uploads\/2024\/09\/TABLE-ART-ASIA-FR-212x300.jpg 212w, https:\/\/ecodreamr.ch\/wp-content\/uploads\/2024\/09\/TABLE-ART-ASIA-FR-768x1086.jpg 768w, https:\/\/ecodreamr.ch\/wp-content\/uploads\/2024\/09\/TABLE-ART-ASIA-FR-1086x1536.jpg 1086w, https:\/\/ecodreamr.ch\/wp-content\/uploads\/2024\/09\/TABLE-ART-ASIA-FR-1448x2048.jpg 1448w, https:\/\/ecodreamr.ch\/wp-content\/uploads\/2024\/09\/TABLE-ART-ASIA-FR-700x990.jpg 700w, https:\/\/ecodreamr.ch\/wp-content\/uploads\/2024\/09\/TABLE-ART-ASIA-FR-150x212.jpg 150w, https:\/\/ecodreamr.ch\/wp-content\/uploads\/2024\/09\/TABLE-ART-ASIA-FR-scaled.jpg 1810w\" sizes=\"auto, (max-width: 566px) 100vw, 566px\" \/>\n\t\t\t\t\t\t\t<\/a>\n\t\t\t\t\t<\/div>\n\t\t<div id=\"wd-66db2cbc0060c\" class=\" wd-rs-66db2cbc0060c vc_custom_1725639875780 wd-button-wrapper text-center\"><a href=\"https:\/\/ecodreamr.ch\/wp-content\/uploads\/2023\/09\/Art-de-la-Table-Asie_EcoDreamr-FR.pdf\" title=\"\" target=\"_blank\" class=\"btn btn-color-primary btn-style-default btn-shape-round btn-size-small\">VOIR<\/a><\/div>[vc_empty_space woodmart_hide_large=\u00a0\u00bb0&Prime; woodmart_hide_medium=\u00a0\u00bb0&Prime; woodmart_hide_small=\u00a0\u00bb0&Prime;][\/vc_column_inner][\/vc_row_inner][\/vc_column][\/vc_row][vc_row][vc_column][vc_column_text woodmart_inline=\u00a0\u00bbno\u00a0\u00bb text_larger=\u00a0\u00bbno\u00a0\u00bb]<\/p>\n<p style=\"text-align: center;\"><span style=\"font-weight: 400;\">Si vous ne parvenez pas \u00e0 localiser le produit souhait\u00e9 dans nos catalogues, s&rsquo;il vous pla\u00eet, soyez assur\u00e9 que nous sommes enti\u00e8rement pr\u00eats \u00e0 vous aider \u00e0 explorer la possibilit\u00e9 de concevoir et de fabriquer votre produit id\u00e9al. Veuillez partager vos besoins et id\u00e9es avec nous, et nous collaborerons activement avec vous pour les concr\u00e9tiser. Contactez-nous par email \u00e0 <\/span><a href=\"mailto:info@ecodreamr.ch\"><b>info@ecodreamr.ch<\/b><\/a><\/p>\n<p>[\/vc_column_text][\/vc_column][\/vc_row]<\/p>\n<\/div>","protected":false},"excerpt":{"rendered":"<p>[vc_row][vc_column][vc_row_inner][vc_column_inner width=\u00a0\u00bb1\/4&Prime;][vc_empty_space woodmart_hide_large=\u00a0\u00bb0&Prime; woodmart_hide_medium=\u00a0\u00bb0&Prime; woodmart_hide_small=\u00a0\u00bb0&Prime;][\/vc_column_inner][vc_column_inner width=\u00a0\u00bb1\/4&Prime;][vc_empty_space woodmart_hide_large=\u00a0\u00bb0&Prime; woodmart_hide_medium=\u00a0\u00bb0&Prime; woodmart_hide_small=\u00a0\u00bb0&Prime;][\/vc_column_inner][vc_column_inner width=\u00a0\u00bb1\/4&Prime;][vc_empty_space woodmart_hide_large=\u00a0\u00bb0&Prime; woodmart_hide_medium=\u00a0\u00bb0&Prime; woodmart_hide_small=\u00a0\u00bb0&Prime;][\/vc_column_inner][vc_column_inner width=\u00a0\u00bb1\/4&Prime;][vc_empty_space woodmart_hide_large=\u00a0\u00bb0&Prime; woodmart_hide_medium=\u00a0\u00bb0&Prime; woodmart_hide_small=\u00a0\u00bb0&Prime;][\/vc_column_inner][\/vc_row_inner][vc_row_inner][vc_column_inner width=\u00a0\u00bb1\/4&Prime;][vc_empty_space woodmart_hide_large=\u00a0\u00bb0&Prime; woodmart_hide_medium=\u00a0\u00bb0&Prime;<\/p>\n","protected":false},"author":10,"featured_media":0,"parent":0,"menu_order":0,"comment_status":"closed","ping_status":"closed","template":"","meta":{"_coblocks_attr":"","_coblocks_dimensions":"","_coblocks_responsive_height":"","_coblocks_accordion_ie_support":"","footnotes":""},"class_list":["post-8345","page","type-page","status-publish","hentry"],"_links":{"self":[{"href":"https:\/\/ecodreamr.ch\/fr\/wp-json\/wp\/v2\/pages\/8345","targetHints":{"allow":["GET"]}}],"collection":[{"href":"https:\/\/ecodreamr.ch\/fr\/wp-json\/wp\/v2\/pages"}],"about":[{"href":"https:\/\/ecodreamr.ch\/fr\/wp-json\/wp\/v2\/types\/page"}],"author":[{"embeddable":true,"href":"https:\/\/ecodreamr.ch\/fr\/wp-json\/wp\/v2\/users\/10"}],"replies":[{"embeddable":true,"href":"https:\/\/ecodreamr.ch\/fr\/wp-json\/wp\/v2\/comments?post=8345"}],"version-history":[{"count":25,"href":"https:\/\/ecodreamr.ch\/fr\/wp-json\/wp\/v2\/pages\/8345\/revisions"}],"predecessor-version":[{"id":9408,"href":"https:\/\/ecodreamr.ch\/fr\/wp-json\/wp\/v2\/pages\/8345\/revisions\/9408"}],"wp:attachment":[{"href":"https:\/\/ecodreamr.ch\/fr\/wp-json\/wp\/v2\/media?parent=8345"}],"curies":[{"name":"wp","href":"https:\/\/api.w.org\/{rel}","templated":true}]}}