{"id":8207,"date":"2023-05-16T21:11:23","date_gmt":"2023-05-16T19:11:23","guid":{"rendered":"https:\/\/ecodreamr.ch\/?page_id=8207"},"modified":"2023-06-10T14:39:10","modified_gmt":"2023-06-10T12:39:10","slug":"faq","status":"publish","type":"page","link":"https:\/\/ecodreamr.ch\/fr\/faq\/","title":{"rendered":"FAQ"},"content":{"rendered":"<div class=\"wpb-content-wrapper\"><p>[vc_row equal_height=\u00a0\u00bbyes\u00a0\u00bb css_animation=\u00a0\u00bbfadeIn\u00a0\u00bb woodmart_css_id=\u00a0\u00bb6463d75ee371b\u00a0\u00bb responsive_spacing=\u00a0\u00bbeyJwYXJhbV90eXBlIjoid29vZG1hcnRfcmVzcG9uc2l2ZV9zcGFjaW5nIiwic2VsZWN0b3JfaWQiOiI2NDYzZDc1ZWUzNzFiIiwic2hvcnRjb2RlIjoidmNfcm93IiwiZGF0YSI6eyJ0YWJsZXQiOnt9LCJtb2JpbGUiOnt9fX0=\u00a0\u00bb mobile_bg_img_hidden=\u00a0\u00bbno\u00a0\u00bb tablet_bg_img_hidden=\u00a0\u00bbno\u00a0\u00bb woodmart_parallax=\u00a0\u00bb0&Prime; woodmart_gradient_switch=\u00a0\u00bbno\u00a0\u00bb woodmart_box_shadow=\u00a0\u00bbno\u00a0\u00bb wd_z_index=\u00a0\u00bbno\u00a0\u00bb woodmart_disable_overflow=\u00a0\u00bb0&Prime; row_reverse_mobile=\u00a0\u00bb0&Prime; row_reverse_tablet=\u00a0\u00bb0&Prime;][vc_column woodmart_css_id=\u00a0\u00bb6463d775b013f\u00a0\u00bb parallax_scroll=\u00a0\u00bbno\u00a0\u00bb woodmart_sticky_column=\u00a0\u00bbfalse\u00a0\u00bb wd_collapsible_content_switcher=\u00a0\u00bbno\u00a0\u00bb wd_column_role_offcanvas_desktop=\u00a0\u00bbno\u00a0\u00bb wd_column_role_offcanvas_tablet=\u00a0\u00bbno\u00a0\u00bb wd_column_role_offcanvas_mobile=\u00a0\u00bbno\u00a0\u00bb wd_column_role_content_desktop=\u00a0\u00bbno\u00a0\u00bb wd_column_role_content_tablet=\u00a0\u00bbno\u00a0\u00bb wd_column_role_content_mobile=\u00a0\u00bbno\u00a0\u00bb mobile_bg_img_hidden=\u00a0\u00bbno\u00a0\u00bb tablet_bg_img_hidden=\u00a0\u00bbno\u00a0\u00bb woodmart_parallax=\u00a0\u00bb0&Prime; woodmart_box_shadow=\u00a0\u00bbno\u00a0\u00bb responsive_spacing=\u00a0\u00bbeyJwYXJhbV90eXBlIjoid29vZG1hcnRfcmVzcG9uc2l2ZV9zcGFjaW5nIiwic2VsZWN0b3JfaWQiOiI2NDYzZDc3NWIwMTNmIiwic2hvcnRjb2RlIjoidmNfY29sdW1uIiwiZGF0YSI6eyJ0YWJsZXQiOnt9LCJtb2JpbGUiOnt9fX0=\u00a0\u00bb mobile_reset_margin=\u00a0\u00bbno\u00a0\u00bb tablet_reset_margin=\u00a0\u00bbno\u00a0\u00bb wd_z_index=\u00a0\u00bbno\u00a0\u00bb css=\u00a0\u00bb.vc_custom_1684264828266{margin-bottom: 40px !important;}\u00a0\u00bb]\n\t\t<div id=\"wd-64846d30f0d84\" class=\"title-wrapper wd-wpb wd-set-mb reset-last-child  wd-rs-64846d30f0d84 wd-title-color-default wd-title-style-default text-left  wd-underline-colored\">\n\t\t\t\n\t\t\t<div class=\"liner-continer\">\n\t\t\t\t<h4 class=\"woodmart-title-container title  wd-font-weight- wd-fontsize-xl\" >Produits en bambou<\/h4>\n\t\t\t\t\t\t\t<\/div>\n\t\t\t\n\t\t\t\n\t\t\t\n\t\t<\/div>\n\t\t\n\t\t\n\t\t<div id=\"wd-618257e807c2a\" class=\"wd-accordion wd-wpb wd-rs-618257e807c2a  wd-style-default wd-titles-left wd-opener-pos-right wd-opener-style-arrow\" data-state=\"first\">\n\t\t\t\t\t\t\t\n\t\t\t\t\n\t\t\t\t<div class=\"wd-accordion-item\">\n\t\t\t\t\t<div class=\"wd-accordion-title wd-active font-text wd-fontsize-s wd-font-weight-600\" data-accordion-index=\"0\">\n\t\t\t\t\t\t<div class=\"wd-accordion-title-text\">\n\t\t\t\t\t\t\t\t\t\t\t\t\t\t<span>\n\t\t\t\t\t\t\t\tComment dois-je prendre soin de mes produits en bambou ?\t\t\t\t\t\t\t<\/span>\n\t\t\t\t\t\t<\/div>\n\t\t\t\t\t\t<span class=\"wd-accordion-opener\"><\/span>\n\t\t\t\t\t<\/div>\n\n\t\t\t\t\t<div class=\"wd-accordion-content wd-entry-content wd-active\" data-accordion-index=\"0\">\n\t\t\t\t\t\t\t\t\t\t\t\t\t<p>Veuillez noter que certains de nos produits \u00e9cologiques en bambou ne peuvent pas \u00eatre lav\u00e9s au lave-vaisselle. Pour de meilleurs r\u00e9sultats et pour assurer la long\u00e9vit\u00e9 de vos articles, nous vous sugg\u00e9rons de les laver \u00e0 la main avec de l&rsquo;eau ti\u00e8de.<\/p>\n\t\t\t\t\t\t\t\t\t\t\t<\/div>\n\t\t\t\t<\/div>\n\t\t\t\t\t\t\t\n\t\t\t\t\n\t\t\t\t<div class=\"wd-accordion-item\">\n\t\t\t\t\t<div class=\"wd-accordion-title font-text wd-fontsize-s wd-font-weight-600\" data-accordion-index=\"1\">\n\t\t\t\t\t\t<div class=\"wd-accordion-title-text\">\n\t\t\t\t\t\t\t\t\t\t\t\t\t\t<span>\n\t\t\t\t\t\t\t\tQuels sont les avantages des produits en bambou ?\t\t\t\t\t\t\t<\/span>\n\t\t\t\t\t\t<\/div>\n\t\t\t\t\t\t<span class=\"wd-accordion-opener\"><\/span>\n\t\t\t\t\t<\/div>\n\n\t\t\t\t\t<div class=\"wd-accordion-content wd-entry-content\" data-accordion-index=\"1\">\n\t\t\t\t\t\t\t\t\t\t\t\t\t<p>Les produits en bambou sont \u00e9cologiques, durables et biod\u00e9gradables, ce qui en fait une excellente alternative au plastique et aux autres mat\u00e9riaux nocifs pour l&rsquo;environnement.<\/p>\n\t\t\t\t\t\t\t\t\t\t\t<\/div>\n\t\t\t\t<\/div>\n\t\t\t\t\t\t\t\n\t\t\t\t\n\t\t\t\t<div class=\"wd-accordion-item\">\n\t\t\t\t\t<div class=\"wd-accordion-title font-text wd-fontsize-s wd-font-weight-600\" data-accordion-index=\"2\">\n\t\t\t\t\t\t<div class=\"wd-accordion-title-text\">\n\t\t\t\t\t\t\t\t\t\t\t\t\t\t<span>\n\t\t\t\t\t\t\t\tQuels sont les principaux avantages de l&#039;utilisation du bambou comme mati\u00e8re premi\u00e8re ?\t\t\t\t\t\t\t<\/span>\n\t\t\t\t\t\t<\/div>\n\t\t\t\t\t\t<span class=\"wd-accordion-opener\"><\/span>\n\t\t\t\t\t<\/div>\n\n\t\t\t\t\t<div class=\"wd-accordion-content wd-entry-content\" data-accordion-index=\"2\">\n\t\t\t\t\t\t\t\t\t\t\t\t\t<p>Le bambou est une ressource renouvelable qui pousse rapidement et n&rsquo;a pas besoin de pesticides ou d&rsquo;engrais pour grandir, ce qui en fait une option durable et respectueuse de l&rsquo;environnement pour la fabrication d&rsquo;une grande vari\u00e9t\u00e9 de produits. Il est \u00e9galement naturellement antibact\u00e9rien et durable.<\/p>\n\t\t\t\t\t\t\t\t\t\t\t<\/div>\n\t\t\t\t<\/div>\n\t\t\t\t\t\t\t\n\t\t\t\t\n\t\t\t\t<div class=\"wd-accordion-item\">\n\t\t\t\t\t<div class=\"wd-accordion-title font-text wd-fontsize-s wd-font-weight-600\" data-accordion-index=\"3\">\n\t\t\t\t\t\t<div class=\"wd-accordion-title-text\">\n\t\t\t\t\t\t\t\t\t\t\t\t\t\t<span>\n\t\t\t\t\t\t\t\tQu&#039;est-ce qu&#039;une paille en bambou et en quoi est-elle meilleure qu&#039;une paille en plastique ?\t\t\t\t\t\t\t<\/span>\n\t\t\t\t\t\t<\/div>\n\t\t\t\t\t\t<span class=\"wd-accordion-opener\"><\/span>\n\t\t\t\t\t<\/div>\n\n\t\t\t\t\t<div class=\"wd-accordion-content wd-entry-content\" data-accordion-index=\"3\">\n\t\t\t\t\t\t\t\t\t\t\t\t\t<p>Les pailles en bambou sont une alternative durable et \u00e9cologique aux pailles en plastique. Elles sont biod\u00e9gradables et r\u00e9utilisables, et ne contribuent pas \u00e0 la pollution de nos oc\u00e9ans et de notre environnement.<\/p>\n\t\t\t\t\t\t\t\t\t\t\t<\/div>\n\t\t\t\t<\/div>\n\t\t\t\t\t\t\t\t\t\t\t\t\t\t<\/div>\n\n\t\t[\/vc_column][vc_column css=\u00a0\u00bb.vc_custom_1684264835879{margin-bottom: 40px !important;}\u00a0\u00bb woodmart_css_id=\u00a0\u00bb6463d77ecbb6e\u00a0\u00bb parallax_scroll=\u00a0\u00bbno\u00a0\u00bb woodmart_sticky_column=\u00a0\u00bbfalse\u00a0\u00bb wd_collapsible_content_switcher=\u00a0\u00bbno\u00a0\u00bb wd_column_role_offcanvas_desktop=\u00a0\u00bbno\u00a0\u00bb wd_column_role_offcanvas_tablet=\u00a0\u00bbno\u00a0\u00bb wd_column_role_offcanvas_mobile=\u00a0\u00bbno\u00a0\u00bb wd_column_role_content_desktop=\u00a0\u00bbno\u00a0\u00bb wd_column_role_content_tablet=\u00a0\u00bbno\u00a0\u00bb wd_column_role_content_mobile=\u00a0\u00bbno\u00a0\u00bb mobile_bg_img_hidden=\u00a0\u00bbno\u00a0\u00bb tablet_bg_img_hidden=\u00a0\u00bbno\u00a0\u00bb woodmart_parallax=\u00a0\u00bb0&Prime; woodmart_box_shadow=\u00a0\u00bbno\u00a0\u00bb responsive_spacing=\u00a0\u00bbeyJwYXJhbV90eXBlIjoid29vZG1hcnRfcmVzcG9uc2l2ZV9zcGFjaW5nIiwic2VsZWN0b3JfaWQiOiI2NDYzZDc3ZWNiYjZlIiwic2hvcnRjb2RlIjoidmNfY29sdW1uIiwiZGF0YSI6eyJ0YWJsZXQiOnt9LCJtb2JpbGUiOnt9fX0=\u00a0\u00bb mobile_reset_margin=\u00a0\u00bbno\u00a0\u00bb tablet_reset_margin=\u00a0\u00bbno\u00a0\u00bb wd_z_index=\u00a0\u00bbno\u00a0\u00bb]\n\t\t<div id=\"wd-64846d8eda86f\" class=\"title-wrapper wd-wpb wd-set-mb reset-last-child  wd-rs-64846d8eda86f wd-title-color-default wd-title-style-default text-left  wd-underline-colored\">\n\t\t\t\n\t\t\t<div class=\"liner-continer\">\n\t\t\t\t<h4 class=\"woodmart-title-container title  wd-font-weight- wd-fontsize-xl\" >Produits \u00e0 base de noix de coco<\/h4>\n\t\t\t\t\t\t\t<\/div>\n\t\t\t\n\t\t\t\n\t\t\t\n\t\t<\/div>\n\t\t\n\t\t\n\t\t<div id=\"wd-618257efccdb8\" class=\"wd-accordion wd-wpb wd-rs-618257efccdb8  wd-style-default wd-titles-left wd-opener-pos-right wd-opener-style-arrow\" data-state=\"first\">\n\t\t\t\t\t\t\t\n\t\t\t\t\n\t\t\t\t<div class=\"wd-accordion-item\">\n\t\t\t\t\t<div class=\"wd-accordion-title wd-active font-text wd-fontsize-s wd-font-weight-600\" data-accordion-index=\"0\">\n\t\t\t\t\t\t<div class=\"wd-accordion-title-text\">\n\t\t\t\t\t\t\t\t\t\t\t\t\t\t<span>\n\t\t\t\t\t\t\t\tQu&#039;est-ce qu&#039;un bol en noix de coco et comment est-il fabriqu\u00e9 ?\t\t\t\t\t\t\t<\/span>\n\t\t\t\t\t\t<\/div>\n\t\t\t\t\t\t<span class=\"wd-accordion-opener\"><\/span>\n\t\t\t\t\t<\/div>\n\n\t\t\t\t\t<div class=\"wd-accordion-content wd-entry-content wd-active\" data-accordion-index=\"0\">\n\t\t\t\t\t\t\t\t\t\t\t\t\t<p>Les bols en noix de coco sont des bols fabriqu\u00e9s \u00e0 partir de coquilles de noix de coco qui auraient pu \u00eatre jet\u00e9es. Ils sont fabriqu\u00e9s \u00e0 la main et polis selon un proc\u00e9d\u00e9 naturel, et chaque bol est unique.<\/p>\n\t\t\t\t\t\t\t\t\t\t\t<\/div>\n\t\t\t\t<\/div>\n\t\t\t\t\t\t\t\n\t\t\t\t\n\t\t\t\t<div class=\"wd-accordion-item\">\n\t\t\t\t\t<div class=\"wd-accordion-title font-text wd-fontsize-s wd-font-weight-600\" data-accordion-index=\"1\">\n\t\t\t\t\t\t<div class=\"wd-accordion-title-text\">\n\t\t\t\t\t\t\t\t\t\t\t\t\t\t<span>\n\t\t\t\t\t\t\t\tComment entretenir nos bols en noix de coco ?\t\t\t\t\t\t\t<\/span>\n\t\t\t\t\t\t<\/div>\n\t\t\t\t\t\t<span class=\"wd-accordion-opener\"><\/span>\n\t\t\t\t\t<\/div>\n\n\t\t\t\t\t<div class=\"wd-accordion-content wd-entry-content\" data-accordion-index=\"1\">\n\t\t\t\t\t\t\t\t\t\t\t\t\t<p>Pour prendre soin de vos bols en noix de coco, il suffit de les laver \u00e0 la main avec de l&rsquo;eau savonneuse ti\u00e8de, d&rsquo;\u00e9viter de les exposer \u00e0 des temp\u00e9ratures extr\u00eames et d&rsquo;appliquer p\u00e9riodiquement de l&rsquo;huile de noix de coco ou de l&rsquo;huile min\u00e9rale pour qu&rsquo;ils conservent tout leur \u00e9clat. Ne les mettez pas au lave-vaisselle.<\/p>\n\t\t\t\t\t\t\t\t\t\t\t<\/div>\n\t\t\t\t<\/div>\n\t\t\t\t\t\t\t\n\t\t\t\t\n\t\t\t\t<div class=\"wd-accordion-item\">\n\t\t\t\t\t<div class=\"wd-accordion-title font-text wd-fontsize-s wd-font-weight-600\" data-accordion-index=\"2\">\n\t\t\t\t\t\t<div class=\"wd-accordion-title-text\">\n\t\t\t\t\t\t\t\t\t\t\t\t\t\t<span>\n\t\t\t\t\t\t\t\tJ&#039;ai re\u00e7u mes bols en noix de coco, mais ils n&#039;ont pas le m\u00eame aspect. Pourquoi ?\t\t\t\t\t\t\t<\/span>\n\t\t\t\t\t\t<\/div>\n\t\t\t\t\t\t<span class=\"wd-accordion-opener\"><\/span>\n\t\t\t\t\t<\/div>\n\n\t\t\t\t\t<div class=\"wd-accordion-content wd-entry-content\" data-accordion-index=\"2\">\n\t\t\t\t\t\t\t\t\t\t\t\t\t<p>Il est normal que vos bols en noix de coco soient diff\u00e9rents les uns des autres, car ils sont fabriqu\u00e9s \u00e0 partir de v\u00e9ritables noix de coco dont la forme, la taille, les marques et les imperfections varient naturellement. Nous pensons que ces diff\u00e9rences conf\u00e8rent \u00e0 chaque bol sa propre personnalit\u00e9 et le rendent sp\u00e9cial, c&rsquo;est pourquoi nous vous encourageons \u00e0 accepter leurs caract\u00e9ristiques uniques.<\/p>\n\t\t\t\t\t\t\t\t\t\t\t<\/div>\n\t\t\t\t<\/div>\n\t\t\t\t\t\t\t\t\t\t\t\t\t\t<\/div>\n\n\t\t[\/vc_column][vc_column css=\u00a0\u00bb.vc_custom_1684264843202{margin-bottom: 40px !important;}\u00a0\u00bb woodmart_css_id=\u00a0\u00bb6463d7875ce36&Prime; parallax_scroll=\u00a0\u00bbno\u00a0\u00bb woodmart_sticky_column=\u00a0\u00bbfalse\u00a0\u00bb wd_collapsible_content_switcher=\u00a0\u00bbno\u00a0\u00bb wd_column_role_offcanvas_desktop=\u00a0\u00bbno\u00a0\u00bb wd_column_role_offcanvas_tablet=\u00a0\u00bbno\u00a0\u00bb wd_column_role_offcanvas_mobile=\u00a0\u00bbno\u00a0\u00bb wd_column_role_content_desktop=\u00a0\u00bbno\u00a0\u00bb wd_column_role_content_tablet=\u00a0\u00bbno\u00a0\u00bb wd_column_role_content_mobile=\u00a0\u00bbno\u00a0\u00bb mobile_bg_img_hidden=\u00a0\u00bbno\u00a0\u00bb tablet_bg_img_hidden=\u00a0\u00bbno\u00a0\u00bb woodmart_parallax=\u00a0\u00bb0&Prime; woodmart_box_shadow=\u00a0\u00bbno\u00a0\u00bb responsive_spacing=\u00a0\u00bbeyJwYXJhbV90eXBlIjoid29vZG1hcnRfcmVzcG9uc2l2ZV9zcGFjaW5nIiwic2VsZWN0b3JfaWQiOiI2NDYzZDc4NzVjZTM2Iiwic2hvcnRjb2RlIjoidmNfY29sdW1uIiwiZGF0YSI6eyJ0YWJsZXQiOnt9LCJtb2JpbGUiOnt9fX0=\u00a0\u00bb mobile_reset_margin=\u00a0\u00bbno\u00a0\u00bb tablet_reset_margin=\u00a0\u00bbno\u00a0\u00bb wd_z_index=\u00a0\u00bbno\u00a0\u00bb]\n\t\t<div id=\"wd-64846de1e9e7f\" class=\"title-wrapper wd-wpb wd-set-mb reset-last-child  wd-rs-64846de1e9e7f wd-title-color-default wd-title-style-default text-left  wd-underline-colored\">\n\t\t\t\n\t\t\t<div class=\"liner-continer\">\n\t\t\t\t<h4 class=\"woodmart-title-container title  wd-font-weight- wd-fontsize-xl\" >Pailles de roseau et de bl\u00e9<\/h4>\n\t\t\t\t\t\t\t<\/div>\n\t\t\t\n\t\t\t\n\t\t\t\n\t\t<\/div>\n\t\t\n\t\t\n\t\t<div id=\"wd-618257efccdb8\" class=\"wd-accordion wd-wpb wd-rs-618257efccdb8  wd-style-default wd-titles-left wd-opener-pos-right wd-opener-style-arrow\" data-state=\"first\">\n\t\t\t\t\t\t\t\n\t\t\t\t\n\t\t\t\t<div class=\"wd-accordion-item\">\n\t\t\t\t\t<div class=\"wd-accordion-title wd-active font-text wd-fontsize-s wd-font-weight-600\" data-accordion-index=\"0\">\n\t\t\t\t\t\t<div class=\"wd-accordion-title-text\">\n\t\t\t\t\t\t\t\t\t\t\t\t\t\t<span>\n\t\t\t\t\t\t\t\tQue sont les pailles de roseau et de bl\u00e9, et en quoi sont-elles diff\u00e9rentes des pailles de bambou ?&lt;br \/&gt;\n\t\t\t\t\t\t\t<\/span>\n\t\t\t\t\t\t<\/div>\n\t\t\t\t\t\t<span class=\"wd-accordion-opener\"><\/span>\n\t\t\t\t\t<\/div>\n\n\t\t\t\t\t<div class=\"wd-accordion-content wd-entry-content wd-active\" data-accordion-index=\"0\">\n\t\t\t\t\t\t\t\t\t\t\t\t\t<p>Les pailles de roseau et de bl\u00e9 sont des alternatives durables et \u00e9cologiques aux pailles en plastique. Elles sont biod\u00e9gradables et compostables, et constituent un excellent choix pour les bars et les \u00e9v\u00e9nements.<\/p>\n\t\t\t\t\t\t\t\t\t\t\t<\/div>\n\t\t\t\t<\/div>\n\t\t\t\t\t\t\t\t\t\t\t\t\t\t<\/div>\n\n\t\t[\/vc_column][vc_column css=\u00a0\u00bb.vc_custom_1684264848548{margin-bottom: 40px !important;}\u00a0\u00bb woodmart_css_id=\u00a0\u00bb6463d78cc0d8a\u00a0\u00bb parallax_scroll=\u00a0\u00bbno\u00a0\u00bb woodmart_sticky_column=\u00a0\u00bbfalse\u00a0\u00bb wd_collapsible_content_switcher=\u00a0\u00bbno\u00a0\u00bb wd_column_role_offcanvas_desktop=\u00a0\u00bbno\u00a0\u00bb wd_column_role_offcanvas_tablet=\u00a0\u00bbno\u00a0\u00bb wd_column_role_offcanvas_mobile=\u00a0\u00bbno\u00a0\u00bb wd_column_role_content_desktop=\u00a0\u00bbno\u00a0\u00bb wd_column_role_content_tablet=\u00a0\u00bbno\u00a0\u00bb wd_column_role_content_mobile=\u00a0\u00bbno\u00a0\u00bb mobile_bg_img_hidden=\u00a0\u00bbno\u00a0\u00bb tablet_bg_img_hidden=\u00a0\u00bbno\u00a0\u00bb woodmart_parallax=\u00a0\u00bb0&Prime; woodmart_box_shadow=\u00a0\u00bbno\u00a0\u00bb responsive_spacing=\u00a0\u00bbeyJwYXJhbV90eXBlIjoid29vZG1hcnRfcmVzcG9uc2l2ZV9zcGFjaW5nIiwic2VsZWN0b3JfaWQiOiI2NDYzZDc4Y2MwZDhhIiwic2hvcnRjb2RlIjoidmNfY29sdW1uIiwiZGF0YSI6eyJ0YWJsZXQiOnt9LCJtb2JpbGUiOnt9fX0=\u00a0\u00bb mobile_reset_margin=\u00a0\u00bbno\u00a0\u00bb tablet_reset_margin=\u00a0\u00bbno\u00a0\u00bb wd_z_index=\u00a0\u00bbno\u00a0\u00bb]\n\t\t<div id=\"wd-64846e2204505\" class=\"title-wrapper wd-wpb wd-set-mb reset-last-child  wd-rs-64846e2204505 wd-title-color-default wd-title-style-default text-left  wd-underline-colored\">\n\t\t\t\n\t\t\t<div class=\"liner-continer\">\n\t\t\t\t<h4 class=\"woodmart-title-container title  wd-font-weight- wd-fontsize-xl\" >G\u00e9n\u00e9ralit\u00e9s<\/h4>\n\t\t\t\t\t\t\t<\/div>\n\t\t\t\n\t\t\t\n\t\t\t\n\t\t<\/div>\n\t\t\n\t\t\n\t\t<div id=\"wd-618257efccdb8\" class=\"wd-accordion wd-wpb wd-rs-618257efccdb8  wd-style-default wd-titles-left wd-opener-pos-right wd-opener-style-arrow\" data-state=\"first\">\n\t\t\t\t\t\t\t\n\t\t\t\t\n\t\t\t\t<div class=\"wd-accordion-item\">\n\t\t\t\t\t<div class=\"wd-accordion-title wd-active font-text wd-fontsize-s wd-font-weight-600\" data-accordion-index=\"0\">\n\t\t\t\t\t\t<div class=\"wd-accordion-title-text\">\n\t\t\t\t\t\t\t\t\t\t\t\t\t\t<span>\n\t\t\t\t\t\t\t\tPuis-je commander en gros ?\t\t\t\t\t\t\t<\/span>\n\t\t\t\t\t\t<\/div>\n\t\t\t\t\t\t<span class=\"wd-accordion-opener\"><\/span>\n\t\t\t\t\t<\/div>\n\n\t\t\t\t\t<div class=\"wd-accordion-content wd-entry-content wd-active\" data-accordion-index=\"0\">\n\t\t\t\t\t\t\t\t\t\t\t\t\t<p>Si vous souhaitez acheter nos produits en gros, veuillez consulter notre <a href=\"https:\/\/ecodreamr.ch\/fr\/grossiste\/\">page de vente en gros<\/a>.<\/p>\n\t\t\t\t\t\t\t\t\t\t\t<\/div>\n\t\t\t\t<\/div>\n\t\t\t\t\t\t\t\n\t\t\t\t\n\t\t\t\t<div class=\"wd-accordion-item\">\n\t\t\t\t\t<div class=\"wd-accordion-title font-text wd-fontsize-s wd-font-weight-600\" data-accordion-index=\"1\">\n\t\t\t\t\t\t<div class=\"wd-accordion-title-text\">\n\t\t\t\t\t\t\t\t\t\t\t\t\t\t<span>\n\t\t\t\t\t\t\t\tMa commande est un cadeau, pouvez-vous retirer le re\u00e7u de l&#039;emballage ?\t\t\t\t\t\t\t<\/span>\n\t\t\t\t\t\t<\/div>\n\t\t\t\t\t\t<span class=\"wd-accordion-opener\"><\/span>\n\t\t\t\t\t<\/div>\n\n\t\t\t\t\t<div class=\"wd-accordion-content wd-entry-content\" data-accordion-index=\"1\">\n\t\t\t\t\t\t\t\t\t\t\t\t\t<p>Nous n&rsquo;incluons pas automatiquement de re\u00e7us ou de factures avec votre commande, mais si vous souhaitez un re\u00e7u cadeau, veuillez le mentionner dans vos notes de commande et nous serons heureux d&rsquo;inclure une note manuscrite. Votre facture est automatiquement envoy\u00e9e \u00e0 votre adresse \u00e9lectronique.<\/p>\n\t\t\t\t\t\t\t\t\t\t\t<\/div>\n\t\t\t\t<\/div>\n\t\t\t\t\t\t\t\n\t\t\t\t\n\t\t\t\t<div class=\"wd-accordion-item\">\n\t\t\t\t\t<div class=\"wd-accordion-title font-text wd-fontsize-s wd-font-weight-600\" data-accordion-index=\"2\">\n\t\t\t\t\t\t<div class=\"wd-accordion-title-text\">\n\t\t\t\t\t\t\t\t\t\t\t\t\t\t<span>\n\t\t\t\t\t\t\t\tJe n&#039;ai pas trouv\u00e9 la r\u00e9ponse \u00e0 ma question, comment puis-je vous joindre ?&lt;br \/&gt;\n\t\t\t\t\t\t\t<\/span>\n\t\t\t\t\t\t<\/div>\n\t\t\t\t\t\t<span class=\"wd-accordion-opener\"><\/span>\n\t\t\t\t\t<\/div>\n\n\t\t\t\t\t<div class=\"wd-accordion-content wd-entry-content\" data-accordion-index=\"2\">\n\t\t\t\t\t\t\t\t\t\t\t\t\t<p>Si vous avez une question sp\u00e9cifique sur l&rsquo;un de nos produits qui n&rsquo;a pas \u00e9t\u00e9 abord\u00e9e sur notre site web ou sur la page produit, vous pouvez nous contacter par courrier \u00e9lectronique : <a href=\"mailto:info@ecodreamr.ch\" target=\"_blank\" rel=\"noopener\">info@ecodreamr.ch<\/a>. Nous vous r\u00e9pondrons dans un d\u00e9lai de 24 heures.<\/p>\n\t\t\t\t\t\t\t\t\t\t\t<\/div>\n\t\t\t\t<\/div>\n\t\t\t\t\t\t\t\n\t\t\t\t\n\t\t\t\t<div class=\"wd-accordion-item\">\n\t\t\t\t\t<div class=\"wd-accordion-title font-text wd-fontsize-s wd-font-weight-600\" data-accordion-index=\"3\">\n\t\t\t\t\t\t<div class=\"wd-accordion-title-text\">\n\t\t\t\t\t\t\t\t\t\t\t\t\t\t<span>\n\t\t\t\t\t\t\t\tCombien de temps faut-il pour que ma commande arrive ?\t\t\t\t\t\t\t<\/span>\n\t\t\t\t\t\t<\/div>\n\t\t\t\t\t\t<span class=\"wd-accordion-opener\"><\/span>\n\t\t\t\t\t<\/div>\n\n\t\t\t\t\t<div class=\"wd-accordion-content wd-entry-content\" data-accordion-index=\"3\">\n\t\t\t\t\t\t\t\t\t\t\t\t\t<p>Si vous avez pass\u00e9 votre commande sur notre site web, il faut compter entre 2 et 3 jours pour recevoir votre colis par la Poste suisse.<\/p>\n\t\t\t\t\t\t\t\t\t\t\t<\/div>\n\t\t\t\t<\/div>\n\t\t\t\t\t\t\t\t\t\t\t\t\t\t<\/div>\n\n\t\t[\/vc_column][\/vc_row]<\/p>\n<\/div>","protected":false},"excerpt":{"rendered":"<p>[vc_row equal_height=\u00a0\u00bbyes\u00a0\u00bb css_animation=\u00a0\u00bbfadeIn\u00a0\u00bb woodmart_css_id=\u00a0\u00bb6463d75ee371b\u00a0\u00bb responsive_spacing=\u00a0\u00bbeyJwYXJhbV90eXBlIjoid29vZG1hcnRfcmVzcG9uc2l2ZV9zcGFjaW5nIiwic2VsZWN0b3JfaWQiOiI2NDYzZDc1ZWUzNzFiIiwic2hvcnRjb2RlIjoidmNfcm93IiwiZGF0YSI6eyJ0YWJsZXQiOnt9LCJtb2JpbGUiOnt9fX0=\u00a0\u00bb mobile_bg_img_hidden=\u00a0\u00bbno\u00a0\u00bb tablet_bg_img_hidden=\u00a0\u00bbno\u00a0\u00bb woodmart_parallax=\u00a0\u00bb0&Prime; woodmart_gradient_switch=\u00a0\u00bbno\u00a0\u00bb woodmart_box_shadow=\u00a0\u00bbno\u00a0\u00bb wd_z_index=\u00a0\u00bbno\u00a0\u00bb woodmart_disable_overflow=\u00a0\u00bb0&Prime; row_reverse_mobile=\u00a0\u00bb0&Prime; row_reverse_tablet=\u00a0\u00bb0&Prime;][vc_column woodmart_css_id=\u00a0\u00bb6463d775b013f\u00a0\u00bb parallax_scroll=\u00a0\u00bbno\u00a0\u00bb woodmart_sticky_column=\u00a0\u00bbfalse\u00a0\u00bb wd_collapsible_content_switcher=\u00a0\u00bbno\u00a0\u00bb wd_column_role_offcanvas_desktop=\u00a0\u00bbno\u00a0\u00bb wd_column_role_offcanvas_tablet=\u00a0\u00bbno\u00a0\u00bb<\/p>\n","protected":false},"author":10,"featured_media":0,"parent":0,"menu_order":0,"comment_status":"closed","ping_status":"closed","template":"","meta":{"_coblocks_attr":"","_coblocks_dimensions":"","_coblocks_responsive_height":"","_coblocks_accordion_ie_support":"","footnotes":""},"class_list":["post-8207","page","type-page","status-publish","hentry"],"_links":{"self":[{"href":"https:\/\/ecodreamr.ch\/fr\/wp-json\/wp\/v2\/pages\/8207","targetHints":{"allow":["GET"]}}],"collection":[{"href":"https:\/\/ecodreamr.ch\/fr\/wp-json\/wp\/v2\/pages"}],"about":[{"href":"https:\/\/ecodreamr.ch\/fr\/wp-json\/wp\/v2\/types\/page"}],"author":[{"embeddable":true,"href":"https:\/\/ecodreamr.ch\/fr\/wp-json\/wp\/v2\/users\/10"}],"replies":[{"embeddable":true,"href":"https:\/\/ecodreamr.ch\/fr\/wp-json\/wp\/v2\/comments?post=8207"}],"version-history":[{"count":4,"href":"https:\/\/ecodreamr.ch\/fr\/wp-json\/wp\/v2\/pages\/8207\/revisions"}],"predecessor-version":[{"id":8251,"href":"https:\/\/ecodreamr.ch\/fr\/wp-json\/wp\/v2\/pages\/8207\/revisions\/8251"}],"wp:attachment":[{"href":"https:\/\/ecodreamr.ch\/fr\/wp-json\/wp\/v2\/media?parent=8207"}],"curies":[{"name":"wp","href":"https:\/\/api.w.org\/{rel}","templated":true}]}}