{"id":8182,"date":"2023-04-29T19:44:04","date_gmt":"2023-04-29T17:44:04","guid":{"rendered":"https:\/\/ecodreamr.ch\/?page_id=8182"},"modified":"2024-03-22T21:33:38","modified_gmt":"2024-03-22T20:33:38","slug":"impact","status":"publish","type":"page","link":"https:\/\/ecodreamr.ch\/fr\/impact\/","title":{"rendered":"Impact"},"content":{"rendered":"<div class=\"wpb-content-wrapper\"><p>[vc_section full_width=\u00a0\u00bbstretch_row\u00a0\u00bb css=\u00a0\u00bb.vc_custom_1682977036860{margin-top: -40px !important;padding-top: 0px !important;padding-bottom: 0px !important;background-image: url(https:\/\/ecodreamr.ch\/wp-content\/uploads\/2023\/05\/Photo-Lake-scaled.jpg?id=7386) !important;background-position: center !important;background-repeat: no-repeat !important;background-size: cover !important;}\u00a0\u00bb mobile_bg_img_hidden=\u00a0\u00bbno\u00a0\u00bb tablet_bg_img_hidden=\u00a0\u00bbno\u00a0\u00bb woodmart_parallax=\u00a0\u00bb0&Prime; woodmart_gradient_switch=\u00a0\u00bbno\u00a0\u00bb woodmart_disable_overflow=\u00a0\u00bb0&Prime; wd_z_index=\u00a0\u00bbno\u00a0\u00bb woodmart_css_id=\u00a0\u00bb645030f23683b\u00a0\u00bb responsive_spacing=\u00a0\u00bbeyJwYXJhbV90eXBlIjoid29vZG1hcnRfcmVzcG9uc2l2ZV9zcGFjaW5nIiwic2VsZWN0b3JfaWQiOiI2NDUwMzBmMjM2ODNiIiwic2hvcnRjb2RlIjoidmNfc2VjdGlvbiIsImRhdGEiOnsidGFibGV0Ijp7Im1hcmdpbi10b3AiOiItNDBweCIsInBhZGRpbmctdG9wIjoiMHB4IiwicGFkZGluZy1ib3R0b20iOiIwcHgifSwibW9iaWxlIjp7Im1hcmdpbi10b3AiOiItNDBweCIsInBhZGRpbmctdG9wIjoiMHB4IiwicGFkZGluZy1ib3R0b20iOiIwcHgifX19&Prime; woodmart_box_shadow=\u00a0\u00bbno\u00a0\u00bb][vc_row full_width=\u00a0\u00bbstretch_row\u00a0\u00bb woodmart_bg_position=\u00a0\u00bbcenter-center\u00a0\u00bb css=\u00a0\u00bb.vc_custom_1684188414516{background-color: rgba(0,0,0,0.3) !important;*background-color: rgb(0,0,0) !important;}\u00a0\u00bb woodmart_css_id=\u00a0\u00bb6462acf97f276&Prime; responsive_spacing=\u00a0\u00bbeyJwYXJhbV90eXBlIjoid29vZG1hcnRfcmVzcG9uc2l2ZV9zcGFjaW5nIiwic2VsZWN0b3JfaWQiOiI2NDYyYWNmOTdmMjc2Iiwic2hvcnRjb2RlIjoidmNfcm93IiwiZGF0YSI6eyJ0YWJsZXQiOnt9LCJtb2JpbGUiOnt9fX0=\u00a0\u00bb mobile_bg_img_hidden=\u00a0\u00bbno\u00a0\u00bb tablet_bg_img_hidden=\u00a0\u00bbno\u00a0\u00bb woodmart_parallax=\u00a0\u00bb1&Prime; woodmart_gradient_switch=\u00a0\u00bbno\u00a0\u00bb woodmart_box_shadow=\u00a0\u00bbno\u00a0\u00bb wd_z_index=\u00a0\u00bbno\u00a0\u00bb woodmart_disable_overflow=\u00a0\u00bb0&Prime; row_reverse_mobile=\u00a0\u00bb0&Prime; row_reverse_tablet=\u00a0\u00bb0&Prime;][vc_column width=\u00a0\u00bb1\/6&Prime;][\/vc_column][vc_column width=\u00a0\u00bb2\/3&Prime;][vc_empty_space height=\u00a0\u00bb20vh\u00a0\u00bb woodmart_hide_large=\u00a0\u00bb0&Prime; woodmart_hide_medium=\u00a0\u00bb0&Prime; woodmart_hide_small=\u00a0\u00bb0&Prime;]\n\t\t<div id=\"wd-64847292c6e32\" class=\"title-wrapper wd-wpb wd-set-mb reset-last-child  wd-rs-64847292c6e32 wd-title-color-white wd-title-style-simple text-center vc_custom_1686401686499 wd-width-enabled wd-underline-colored\" style=\"--wd-max-width: 90%;\">\n\t\t\t\n\t\t\t<div class=\"liner-continer\">\n\t\t\t\t<h1 class=\"woodmart-title-container title  wd-font-weight- wd-fontsize-xxxl\" >Construire un paradis z\u00e9ro d\u00e9chet<\/h1>\n\t\t\t\t\t\t\t<\/div>\n\t\t\t\n\t\t\t\n\t\t\t\n\t\t<\/div>\n\t\t\n\t\t[vc_empty_space height=\u00a0\u00bb20vh\u00a0\u00bb woodmart_hide_large=\u00a0\u00bb0&Prime; woodmart_hide_medium=\u00a0\u00bb0&Prime; woodmart_hide_small=\u00a0\u00bb0&Prime;][\/vc_column][vc_column width=\u00a0\u00bb1\/6&Prime;][\/vc_column][\/vc_row][\/vc_section][vc_row woodmart_stretch_content=\u00a0\u00bbsection-stretch-content-no-pd\u00a0\u00bb woodmart_css_id=\u00a0\u00bb64679a527de87&Prime; responsive_spacing=\u00a0\u00bbeyJwYXJhbV90eXBlIjoid29vZG1hcnRfcmVzcG9uc2l2ZV9zcGFjaW5nIiwic2VsZWN0b3JfaWQiOiI2NDY3OWE1MjdkZTg3Iiwic2hvcnRjb2RlIjoidmNfcm93IiwiZGF0YSI6eyJ0YWJsZXQiOnt9LCJtb2JpbGUiOnt9fX0=\u00a0\u00bb mobile_bg_img_hidden=\u00a0\u00bbno\u00a0\u00bb tablet_bg_img_hidden=\u00a0\u00bbno\u00a0\u00bb woodmart_parallax=\u00a0\u00bb0&Prime; woodmart_gradient_switch=\u00a0\u00bbno\u00a0\u00bb woodmart_box_shadow=\u00a0\u00bbno\u00a0\u00bb wd_z_index=\u00a0\u00bbno\u00a0\u00bb woodmart_disable_overflow=\u00a0\u00bb0&Prime; row_reverse_mobile=\u00a0\u00bb0&Prime; row_reverse_tablet=\u00a0\u00bb0&Prime; css=\u00a0\u00bb.vc_custom_1684511320277{margin-top: -50px !important;margin-bottom: -1px !important;padding-top: 50px !important;}\u00a0\u00bb][vc_column]\t\t\t<div id=\"wd-64679a2813366\" class=\"wd-row-divider wd-64679a2813366 dvr-position-bottom dvr-style-sweet-wave dvr-overlap-enable\">\n\t\t\t\t<svg width=\"100%\" height=\"50px\" viewBox=\"0 0 1920 80\" xmlns=\"http:\/\/www.w3.org\/2000\/svg\" preserveAspectRatio=\"none\">\n<path d=\"M0 20C0 20 169.5 0 510 0C850.5 0 1069.5 60 1410 60C1750.5 60 1920 20 1920 20V80H0V20Z\" \/>\n<\/svg>\n\t\t\t\t\t\t\t<\/div>\n\t\t[\/vc_column][\/vc_row][vc_row full_width=\u00a0\u00bbstretch_row\u00a0\u00bb css=\u00a0\u00bb.vc_custom_1684511178362{padding-top: 40px !important;padding-bottom: 40px !important;background-color: #f6f6f6 !important;}\u00a0\u00bb mobile_bg_img_hidden=\u00a0\u00bbno\u00a0\u00bb tablet_bg_img_hidden=\u00a0\u00bbno\u00a0\u00bb woodmart_parallax=\u00a0\u00bb0&Prime; woodmart_gradient_switch=\u00a0\u00bbno\u00a0\u00bb row_reverse_mobile=\u00a0\u00bb0&Prime; row_reverse_tablet=\u00a0\u00bb0&Prime; woodmart_disable_overflow=\u00a0\u00bb0&Prime; wd_z_index=\u00a0\u00bbno\u00a0\u00bb woodmart_css_id=\u00a0\u00bb646799c34d69c\u00a0\u00bb responsive_spacing=\u00a0\u00bbeyJwYXJhbV90eXBlIjoid29vZG1hcnRfcmVzcG9uc2l2ZV9zcGFjaW5nIiwic2VsZWN0b3JfaWQiOiI2NDY3OTljMzRkNjljIiwic2hvcnRjb2RlIjoidmNfcm93IiwiZGF0YSI6eyJ0YWJsZXQiOnsicGFkZGluZy10b3AiOiI0MHB4IiwicGFkZGluZy1ib3R0b20iOiI0MHB4In0sIm1vYmlsZSI6eyJwYWRkaW5nLXRvcCI6IjIwcHgiLCJwYWRkaW5nLWJvdHRvbSI6IjIwcHgifX19&Prime; woodmart_box_shadow=\u00a0\u00bbno\u00a0\u00bb][vc_column woodmart_css_id=\u00a0\u00bb64679a14c941e\u00a0\u00bb parallax_scroll=\u00a0\u00bbno\u00a0\u00bb woodmart_sticky_column=\u00a0\u00bbfalse\u00a0\u00bb wd_collapsible_content_switcher=\u00a0\u00bbno\u00a0\u00bb wd_column_role_offcanvas_desktop=\u00a0\u00bbno\u00a0\u00bb wd_column_role_offcanvas_tablet=\u00a0\u00bbno\u00a0\u00bb wd_column_role_offcanvas_mobile=\u00a0\u00bbno\u00a0\u00bb wd_column_role_content_desktop=\u00a0\u00bbno\u00a0\u00bb wd_column_role_content_tablet=\u00a0\u00bbno\u00a0\u00bb wd_column_role_content_mobile=\u00a0\u00bbno\u00a0\u00bb mobile_bg_img_hidden=\u00a0\u00bbno\u00a0\u00bb tablet_bg_img_hidden=\u00a0\u00bbno\u00a0\u00bb woodmart_parallax=\u00a0\u00bb0&Prime; woodmart_box_shadow=\u00a0\u00bbno\u00a0\u00bb responsive_spacing=\u00a0\u00bbeyJwYXJhbV90eXBlIjoid29vZG1hcnRfcmVzcG9uc2l2ZV9zcGFjaW5nIiwic2VsZWN0b3JfaWQiOiI2NDY3OWExNGM5NDFlIiwic2hvcnRjb2RlIjoidmNfY29sdW1uIiwiZGF0YSI6eyJ0YWJsZXQiOnt9LCJtb2JpbGUiOnt9fX0=\u00a0\u00bb mobile_reset_margin=\u00a0\u00bbno\u00a0\u00bb tablet_reset_margin=\u00a0\u00bbno\u00a0\u00bb wd_z_index=\u00a0\u00bbno\u00a0\u00bb]\n\t\t<div id=\"wd-65fdd40e48685\" class=\"title-wrapper wd-wpb wd-set-mb reset-last-child  wd-rs-65fdd40e48685 wd-title-color-default wd-title-style-default text-center  wd-underline-colored\">\n\t\t\t\n\t\t\t<div class=\"liner-continer\">\n\t\t\t\t<h4 class=\"woodmart-title-container title  wd-font-weight- wd-fontsize-l\" >L'\u00e9co-conception fait r\u00e9f\u00e9rence \u00e0 la cr\u00e9ation de biens \u00e9thiques qui contribuent \u00e0 la protection de l'environnement.<\/h4>\n\t\t\t\t\t\t\t<\/div>\n\t\t\t\n\t\t\t\n\t\t\t\n\t\t<\/div>\n\t\t\n\t\t\t\t<div id=\"wd-65fdd3e575e6b\" class=\"wd-text-block wd-wpb reset-last-child wd-rs-65fdd3e575e6b text-left \">\n\t\t\t<p><span style=\"font-weight: 400;\">La r\u00e9ciprocit\u00e9 est \u00e0 la base de tout ce que fait EcoDreamr. Nous sommes convaincus que contribuer \u00e0 l&rsquo;am\u00e9lioration de nos communaut\u00e9s et de l&rsquo;environnement devrait \u00eatre un aspect inh\u00e9rent \u00e0 la vie. Afin d&rsquo;\u00e9tablir un avenir durable, il est imp\u00e9ratif que nous d\u00e9veloppions des syst\u00e8mes mutuellement b\u00e9n\u00e9fiques qui se renforcent et s&rsquo;enrichissent les uns les autres. Promouvoir la sensibilisation \u00e0 l&rsquo;\u00e9co-conception, aux produits \u00e9thiques et aux alternatives biod\u00e9gradables, telles que le bambou, tout en \u00e9clairant la communaut\u00e9 sur les r\u00e9percussions mondiales de la pollution plastique.<\/span><\/p>\n<p><span style=\"font-weight: 400;\">Plante \u00e0 la croissance la plus rapide au monde, le bambou \u00e9merge du sol \u00e0 la vitesse stup\u00e9fiante de 4 centim\u00e8tres par seconde. <\/span><b>Certaines esp\u00e8ces de bambou peuvent atteindre un taux de croissance quotidien de 91 centim\u00e8tres (\u00e9quivalent \u00e0 35 pouces) \u00e0 ce rythme<\/b><span style=\"font-weight: 400;\">. Malheureusement, la topographie locale n&rsquo;est pas propice \u00e0 la culture du bambou. En revanche, nous apportons notre aide aux artisans indig\u00e8nes d&rsquo;Asie du Sud-Est qui poss\u00e8dent l&rsquo;art perdu de cultiver ce mat\u00e9riau naturel extraordinaire. Cette association symbiotique profite \u00e0 la fois \u00e0 leur \u00e9conomie r\u00e9gionale et \u00e0 nos efforts pour r\u00e9duire l&rsquo;utilisation des plastiques \u00e0 usage unique dans toute l&rsquo;Europe.<\/span><\/p>\n<p><span style=\"font-weight: 400;\">Le Vietnam \u00e9tant un important producteur de produits en bambou et en rotin \u00e0 l&rsquo;\u00e9chelle mondiale, la majorit\u00e9 de nos produits \u00e9thiques doivent parcourir de longues distances ; nous reconnaissons d\u00fbment que cela entra\u00eene une empreinte carbone inh\u00e9rente. Nous soutenons des initiatives nationales et internationales en Suisse dans le but de r\u00e9duire les cons\u00e9quences environnementales du transport. Le soutien aux agriculteurs locaux, les pratiques agricoles r\u00e9g\u00e9n\u00e9ratives, la production \u00e9thique et les normes salariales non sexistes sont autant de composantes de ce sous-domaine de l&rsquo;\u00e9co-conception.<\/span><\/p>\n<p><span style=\"font-weight: 400;\">Nous nous effor\u00e7ons de contribuer aux m\u00e9thodes suivantes afin d&rsquo;assurer des lendemains meilleurs.<\/span><\/p>\n\t\t<\/div>\n\t\t[\/vc_column][vc_column width=\u00a0\u00bb1\/2&Prime;]\n\t\t<div id=\"wd-648475b0e0452\" class=\"title-wrapper wd-wpb wd-set-mb reset-last-child  wd-rs-648475b0e0452 wd-title-color-primary wd-title-style-default text-left vc_custom_1686402489609 wd-underline-colored\">\n\t\t\t\n\t\t\t<div class=\"liner-continer\">\n\t\t\t\t<h2 class=\"woodmart-title-container title  wd-font-weight- wd-fontsize-m\" >Nous ne sacrifions pas la qualite\u0301 a\u0300 l'e\u0301thique<\/h2>\n\t\t\t\t\t\t\t<\/div>\n\t\t\t\n\t\t\t\n\t\t\t\n\t\t<\/div>\n\t\t\n\t\t\t\t<div id=\"wd-648473594573f\" class=\"wd-image wd-wpb wd-rs-648473594573f text-center \">\n\t\t\t\n\t\t\t<img loading=\"lazy\" decoding=\"async\" width=\"1139\" height=\"1476\" src=\"https:\/\/ecodreamr.ch\/wp-content\/uploads\/2023\/06\/Nous-ne-sacrifions-pas-la-qualite-a-lethique.png\" class=\"attachment-full size-full\" alt=\"\" srcset=\"https:\/\/ecodreamr.ch\/wp-content\/uploads\/2023\/06\/Nous-ne-sacrifions-pas-la-qualite-a-lethique.png 1139w, https:\/\/ecodreamr.ch\/wp-content\/uploads\/2023\/06\/Nous-ne-sacrifions-pas-la-qualite-a-lethique-150x194.png 150w, https:\/\/ecodreamr.ch\/wp-content\/uploads\/2023\/06\/Nous-ne-sacrifions-pas-la-qualite-a-lethique-700x907.png 700w, https:\/\/ecodreamr.ch\/wp-content\/uploads\/2023\/06\/Nous-ne-sacrifions-pas-la-qualite-a-lethique-232x300.png 232w, https:\/\/ecodreamr.ch\/wp-content\/uploads\/2023\/06\/Nous-ne-sacrifions-pas-la-qualite-a-lethique-617x800.png 617w, https:\/\/ecodreamr.ch\/wp-content\/uploads\/2023\/06\/Nous-ne-sacrifions-pas-la-qualite-a-lethique-768x995.png 768w, https:\/\/ecodreamr.ch\/wp-content\/uploads\/2023\/06\/Nous-ne-sacrifions-pas-la-qualite-a-lethique-860x1114.png 860w\" sizes=\"auto, (max-width: 1139px) 100vw, 1139px\" \/>\n\t\t\t\t\t<\/div>\n\t\t[\/vc_column][vc_column width=\u00a0\u00bb1\/2&Prime;]\n\t\t<div id=\"wd-648475a67bc04\" class=\"title-wrapper wd-wpb wd-set-mb reset-last-child  wd-rs-648475a67bc04 wd-title-color-primary wd-title-style-default text-left vc_custom_1686402478843 wd-underline-colored\">\n\t\t\t\n\t\t\t<div class=\"liner-continer\">\n\t\t\t\t<h2 class=\"woodmart-title-container title  wd-font-weight- wd-fontsize-m\" >Notre impact sur les communaute\u0301s locales (sources)<\/h2>\n\t\t\t\t\t\t\t<\/div>\n\t\t\t\n\t\t\t\n\t\t\t\n\t\t<\/div>\n\t\t\n\t\t\t\t<div id=\"wd-6484739a7b39e\" class=\"wd-image wd-wpb wd-rs-6484739a7b39e text-center \">\n\t\t\t\n\t\t\t<img loading=\"lazy\" decoding=\"async\" width=\"1139\" height=\"1476\" src=\"https:\/\/ecodreamr.ch\/wp-content\/uploads\/2023\/06\/Notre-impact-sur-les-communautes-locales-sources.png\" class=\"attachment-full size-full\" alt=\"\" srcset=\"https:\/\/ecodreamr.ch\/wp-content\/uploads\/2023\/06\/Notre-impact-sur-les-communautes-locales-sources.png 1139w, https:\/\/ecodreamr.ch\/wp-content\/uploads\/2023\/06\/Notre-impact-sur-les-communautes-locales-sources-150x194.png 150w, https:\/\/ecodreamr.ch\/wp-content\/uploads\/2023\/06\/Notre-impact-sur-les-communautes-locales-sources-700x907.png 700w, https:\/\/ecodreamr.ch\/wp-content\/uploads\/2023\/06\/Notre-impact-sur-les-communautes-locales-sources-232x300.png 232w, https:\/\/ecodreamr.ch\/wp-content\/uploads\/2023\/06\/Notre-impact-sur-les-communautes-locales-sources-617x800.png 617w, https:\/\/ecodreamr.ch\/wp-content\/uploads\/2023\/06\/Notre-impact-sur-les-communautes-locales-sources-768x995.png 768w, https:\/\/ecodreamr.ch\/wp-content\/uploads\/2023\/06\/Notre-impact-sur-les-communautes-locales-sources-860x1114.png 860w\" sizes=\"auto, (max-width: 1139px) 100vw, 1139px\" \/>\n\t\t\t\t\t<\/div>\n\t\t[\/vc_column][\/vc_row][vc_row full_width=\u00a0\u00bbstretch_row\u00a0\u00bb woodmart_stretch_content=\u00a0\u00bbsection-stretch\u00a0\u00bb woodmart_parallax=\u00a0\u00bb0&Prime; woodmart_gradient_switch=\u00a0\u00bbno\u00a0\u00bb row_reverse_mobile=\u00a0\u00bb0&Prime; row_reverse_tablet=\u00a0\u00bb0&Prime; woodmart_disable_overflow=\u00a0\u00bb0&Prime; css=\u00a0\u00bb.vc_custom_1684511368580{padding-top: 20px !important;}\u00a0\u00bb woodmart_css_id=\u00a0\u00bb64679a8182d11&Prime; responsive_spacing=\u00a0\u00bbeyJwYXJhbV90eXBlIjoid29vZG1hcnRfcmVzcG9uc2l2ZV9zcGFjaW5nIiwic2VsZWN0b3JfaWQiOiI2NDY3OWE4MTgyZDExIiwic2hvcnRjb2RlIjoidmNfcm93IiwiZGF0YSI6eyJ0YWJsZXQiOnt9LCJtb2JpbGUiOnt9fX0=\u00a0\u00bb mobile_bg_img_hidden=\u00a0\u00bbno\u00a0\u00bb tablet_bg_img_hidden=\u00a0\u00bbno\u00a0\u00bb woodmart_box_shadow=\u00a0\u00bbno\u00a0\u00bb wd_z_index=\u00a0\u00bbno\u00a0\u00bb][vc_column woodmart_parallax=\u00a0\u00bb0&Prime; parallax_scroll=\u00a0\u00bbno\u00a0\u00bb woodmart_sticky_column=\u00a0\u00bbfalse\u00a0\u00bb woodmart_css_id=\u00a0\u00bb645036528c986&Prime; wd_collapsible_content_switcher=\u00a0\u00bbno\u00a0\u00bb wd_column_role_offcanvas_desktop=\u00a0\u00bbno\u00a0\u00bb wd_column_role_offcanvas_tablet=\u00a0\u00bbno\u00a0\u00bb wd_column_role_offcanvas_mobile=\u00a0\u00bbno\u00a0\u00bb wd_column_role_content_desktop=\u00a0\u00bbno\u00a0\u00bb wd_column_role_content_tablet=\u00a0\u00bbno\u00a0\u00bb wd_column_role_content_mobile=\u00a0\u00bbno\u00a0\u00bb mobile_bg_img_hidden=\u00a0\u00bbno\u00a0\u00bb tablet_bg_img_hidden=\u00a0\u00bbno\u00a0\u00bb woodmart_box_shadow=\u00a0\u00bbno\u00a0\u00bb responsive_spacing=\u00a0\u00bbeyJwYXJhbV90eXBlIjoid29vZG1hcnRfcmVzcG9uc2l2ZV9zcGFjaW5nIiwic2VsZWN0b3JfaWQiOiI2NDUwMzY1MjhjOTg2Iiwic2hvcnRjb2RlIjoidmNfY29sdW1uIiwiZGF0YSI6eyJ0YWJsZXQiOnt9LCJtb2JpbGUiOnt9fX0=\u00a0\u00bb mobile_reset_margin=\u00a0\u00bbno\u00a0\u00bb tablet_reset_margin=\u00a0\u00bbno\u00a0\u00bb wd_z_index=\u00a0\u00bbno\u00a0\u00bb]\n\t\t<div id=\"wd-65fdd43e51d76\" class=\"title-wrapper wd-wpb wd-set-mb reset-last-child  wd-rs-65fdd43e51d76 wd-title-color-primary wd-title-style-bordered text-center vc_custom_1711133773051 wd-underline-colored\">\n\t\t\t\n\t\t\t<div class=\"liner-continer\">\n\t\t\t\t<h2 class=\"woodmart-title-container title  wd-font-weight- wd-fontsize-xxl\" >Notre impact local en Suisse<br \/>\n<\/h2>\n\t\t\t\t\t\t\t<\/div>\n\t\t\t\n\t\t\t\n\t\t\t\n\t\t<\/div>\n\t\t\n\t\t\t\t<div id=\"wd-65fdd44f4ff6e\" class=\"wd-text-block wd-wpb reset-last-child wd-rs-65fdd44f4ff6e text-left vc_custom_1711133802207\">\n\t\t\t<p>La Suisse, qui est l&rsquo;un des principaux consommateurs de plastique au monde, consomme chaque ann\u00e9e 1 million de tonnes de ce mat\u00e9riau, ce qui \u00e9quivaut \u00e0 127 kilogrammes par personne et repr\u00e9sente la consommation de plastique par habitant la plus \u00e9lev\u00e9e d&rsquo;Europe. Selon les estimations, 55 tonnes de plastique se d\u00e9versent chaque ann\u00e9e dans le lac L\u00e9man. Ces statistiques d\u00e9concertantes nous incitent \u00e0 \u00e9tablir des partenariats avec des \u00e9tablissements du voisinage, notamment des h\u00f4tels, des restaurants et d&rsquo;autres petites entreprises, afin de modifier notre perception du plastique et son influence sur nos habitudes de consommation.<\/p>\n<p>En plus de collaborer \u00e9troitement avec des partenaires d\u00e9taillants, des h\u00f4tels et des restaurants pour promouvoir l&rsquo;adoption de produits \u00e9thiques et faciliter un mode de vie plus consciencieux, nous apportons des contributions \u00e0 des organisations locales qui plaident en faveur d&rsquo;une action gouvernementale plus forte et de l&rsquo;\u00e9radication de la pollution plastique.<\/p>\n\t\t<\/div>\n\t\t\t\t<div id=\"wd-65fdd46fe5f37\" class=\"wd-text-block wd-wpb reset-last-child wd-rs-65fdd46fe5f37 text-left vc_custom_1711133833854\">\n\t\t\t<p><span style=\"font-weight: 400;\"><a href=\"https:\/\/zerowasteswitzerland.ch\/en\/about-us\/\" target=\"_blank\" rel=\"noopener\">ZeroWaste Switzerland<\/a> est une organisation \u00e0 but non lucratif qui promeut une \u00e9conomie plus durable et la r\u00e9duction des d\u00e9chets en collaboration avec les entreprises. Pour ce faire, elle encourage les institutions priv\u00e9es et publiques \u00e0 remplacer leurs pratiques n\u00e9fastes pour l&rsquo;environnement par des solutions sans d\u00e9chets et des produits plus \u00e9thiques. Notre organisation, Zero Waste Switzerland, s&rsquo;engage \u00e0 respecter les principes de la production en circuit ferm\u00e9. Cette m\u00e9thode garantit que tous les d\u00e9chets li\u00e9s \u00e0 la fabrication sont recycl\u00e9s, r\u00e9utilis\u00e9s ou compost\u00e9s.<\/span><\/p>\n\t\t<\/div>\n\t\t[\/vc_column][\/vc_row]<\/p>\n<\/div>","protected":false},"excerpt":{"rendered":"<p>[vc_section full_width=\u00a0\u00bbstretch_row\u00a0\u00bb css=\u00a0\u00bb.vc_custom_1682977036860{margin-top: -40px !important;padding-top: 0px !important;padding-bottom: 0px !important;background-image: url(https:\/\/ecodreamr.ch\/wp-content\/uploads\/2023\/05\/Photo-Lake-scaled.jpg?id=7386) !important;background-position: center !important;background-repeat: no-repeat !important;background-size: cover !important;}\u00a0\u00bb mobile_bg_img_hidden=\u00a0\u00bbno\u00a0\u00bb tablet_bg_img_hidden=\u00a0\u00bbno\u00a0\u00bb woodmart_parallax=\u00a0\u00bb0&Prime;<\/p>\n","protected":false},"author":10,"featured_media":0,"parent":0,"menu_order":0,"comment_status":"closed","ping_status":"closed","template":"","meta":{"_coblocks_attr":"","_coblocks_dimensions":"","_coblocks_responsive_height":"","_coblocks_accordion_ie_support":"","footnotes":""},"class_list":["post-8182","page","type-page","status-publish","hentry"],"_links":{"self":[{"href":"https:\/\/ecodreamr.ch\/fr\/wp-json\/wp\/v2\/pages\/8182","targetHints":{"allow":["GET"]}}],"collection":[{"href":"https:\/\/ecodreamr.ch\/fr\/wp-json\/wp\/v2\/pages"}],"about":[{"href":"https:\/\/ecodreamr.ch\/fr\/wp-json\/wp\/v2\/types\/page"}],"author":[{"embeddable":true,"href":"https:\/\/ecodreamr.ch\/fr\/wp-json\/wp\/v2\/users\/10"}],"replies":[{"embeddable":true,"href":"https:\/\/ecodreamr.ch\/fr\/wp-json\/wp\/v2\/comments?post=8182"}],"version-history":[{"count":9,"href":"https:\/\/ecodreamr.ch\/fr\/wp-json\/wp\/v2\/pages\/8182\/revisions"}],"predecessor-version":[{"id":9248,"href":"https:\/\/ecodreamr.ch\/fr\/wp-json\/wp\/v2\/pages\/8182\/revisions\/9248"}],"wp:attachment":[{"href":"https:\/\/ecodreamr.ch\/fr\/wp-json\/wp\/v2\/media?parent=8182"}],"curies":[{"name":"wp","href":"https:\/\/api.w.org\/{rel}","templated":true}]}}